{"id":259,"date":"2023-03-03T10:37:41","date_gmt":"2023-03-03T10:37:41","guid":{"rendered":"https:\/\/qmaconsultores.com\/odema-siglo-xxi\/?page_id=259"},"modified":"2023-05-10T11:30:51","modified_gmt":"2023-05-10T11:30:51","slug":"escape-room","status":"publish","type":"page","link":"https:\/\/qmaconsultores.com\/odema-siglo-xxi\/escape-room\/","title":{"rendered":"ESCAPE ROOM"},"content":{"rendered":"<div data-colibri-id=\"259-c1\" class=\"style-382 style-local-259-c1 position-relative\">\n  <!---->\n  <div data-colibri-component=\"section\" data-colibri-id=\"259-c2\" id=\"custom\" class=\"h-section h-section-global-spacing d-flex align-items-lg-center align-items-md-center align-items-center style-383 style-local-259-c2 position-relative\">\n    <!---->\n    <!---->\n    <div class=\"h-section-grid-container h-section-boxed-container\">\n      <!---->\n      <div data-colibri-id=\"259-c3\" class=\"h-row-container gutters-row-lg-2 gutters-row-md-2 gutters-row-0 gutters-row-v-lg-2 gutters-row-v-md-2 gutters-row-v-2 style-384 style-local-259-c3 position-relative\">\n        <!---->\n        <div class=\"h-row justify-content-lg-center justify-content-md-center justify-content-center align-items-lg-stretch align-items-md-stretch align-items-stretch gutters-col-lg-2 gutters-col-md-2 gutters-col-0 gutters-col-v-lg-2 gutters-col-v-md-2 gutters-col-v-2\">\n          <!---->\n          <div class=\"h-column h-column-container d-flex h-col-lg-auto h-col-md-auto h-col-auto style-385-outer style-local-259-c4-outer\">\n            <div data-colibri-id=\"259-c4\" class=\"d-flex h-flex-basis h-column__inner h-px-lg-2 h-px-md-2 h-px-2 v-inner-lg-2 v-inner-md-2 v-inner-2 style-385 style-local-259-c4 position-relative\">\n              <!---->\n              <!---->\n              <div class=\"w-100 h-y-container h-column__content h-column__v-align flex-basis-100 align-self-lg-start align-self-md-start align-self-start\">\n                <!---->\n                <div data-colibri-id=\"259-c5\" class=\"h-text h-text-component style-386 style-local-259-c5 position-relative h-element\">\n                  <!---->\n                  <!---->\n                  <div class=\"\">\n                    <p>Un escape room en Sevilla, es juego de escape en vivo, es un juego de aventura en el que un grupo de jugadores trabaja juntos para resolver acertijos y rompecabezas dentro de una habitaci\u00f3n tem\u00e1tica para poder escapar antes de que\n                      termine el tiempo asignado.<\/p>\n                  <\/div>\n                <\/div>\n                <div data-colibri-id=\"259-c6\" class=\"h-text h-text-component style-387 style-local-259-c6 position-relative h-element\">\n                  <!---->\n                  <!---->\n                  <div class=\"\">\n                    <p>Las salas de escape se han vuelto muy populares en los \u00faltimos a\u00f1os, especialmente como una actividad de equipo para grupos de amigos, familias y empresas. Las habitaciones tem\u00e1ticas pueden variar desde una nave espacial hasta un laboratorio\n                      de investigaci\u00f3n, desde una habitaci\u00f3n de hotel hasta un pueblo fantasma.<\/p>\n                  <\/div>\n                <\/div>\n                <div data-colibri-id=\"259-c7\" class=\"h-text h-text-component style-388 style-local-259-c7 position-relative h-element\">\n                  <!---->\n                  <!---->\n                  <div class=\"\">\n                    <p>Los jugadores deben trabajar juntos para encontrar pistas ocultas, descifrar c\u00f3digos y resolver rompecabezas para desbloquear puertas y avanzar en el juego. Los juegos de escape son una excelente manera de desafiarse a s\u00ed mismos y\n                      a sus amigos mientras se divierten en un entorno emocionante y din\u00e1mico.<\/p>\n                  <\/div>\n                <\/div>\n              <\/div>\n            <\/div>\n          <\/div>\n        <\/div>\n      <\/div>\n    <\/div>\n  <\/div>\n  <div data-colibri-component=\"section\" data-colibri-id=\"259-c8\" id=\"custom-2\" class=\"h-section h-section-global-spacing d-flex align-items-lg-center align-items-md-center align-items-center style-389 style-local-259-c8 position-relative\">\n    <!---->\n    <!---->\n    <div class=\"h-section-grid-container h-section-boxed-container\">\n      <!---->\n      <div data-colibri-id=\"259-c9\" class=\"h-row-container gutters-row-lg-2 gutters-row-md-2 gutters-row-0 gutters-row-v-lg-2 gutters-row-v-md-2 gutters-row-v-2 style-390 style-local-259-c9 position-relative\">\n        <!---->\n        <div class=\"h-row justify-content-lg-center justify-content-md-center justify-content-center align-items-lg-stretch align-items-md-stretch align-items-stretch gutters-col-lg-2 gutters-col-md-2 gutters-col-0 gutters-col-v-lg-2 gutters-col-v-md-2 gutters-col-v-2\">\n          <!---->\n          <div class=\"h-column h-column-container d-flex h-col-lg-auto h-col-md-auto h-col-auto style-391-outer style-local-259-c10-outer\">\n            <div data-colibri-id=\"259-c10\" class=\"d-flex h-flex-basis h-column__inner h-px-lg-2 h-px-md-2 h-px-2 v-inner-lg-2 v-inner-md-2 v-inner-2 style-391 style-local-259-c10 position-relative\">\n              <!---->\n              <!---->\n              <div class=\"w-100 h-y-container h-column__content h-column__v-align flex-basis-100 align-self-lg-start align-self-md-start align-self-start\">\n                <!---->\n                <div data-colibri-id=\"259-c11\" class=\"d-block style-392 style-local-259-c11 position-relative h-element\">\n                  <!---->\n                  <div class=\"h-image__frame-container-outer\">\n                    <div class=\"h-image__frame-container\">\n                      <!---->\n                      <!---->\n                      <img loading=\"lazy\" decoding=\"async\" width=\"275\" height=\"183\" src=\"https:\/\/qmaconsultores.com\/odema-siglo-xxi\/wp-content\/uploads\/2023\/03\/images.jpg\" class=\"wp-image-263 style-392-image style-local-259-c11-image\" alt=\"\" \/>\n                      <div class=\"h-image__frame h-hide-lg h-hide-md h-hide-sm style-392-frameImage style-local-259-c11-frameImage\"><\/div>\n                    <\/div>\n                  <\/div>\n                <\/div>\n              <\/div>\n            <\/div>\n          <\/div>\n        <\/div>\n      <\/div>\n    <\/div>\n  <\/div>\n  <div data-colibri-component=\"section\" data-colibri-id=\"259-c12\" id=\"custom-3\" class=\"h-section h-section-global-spacing d-flex align-items-lg-center align-items-md-center align-items-center style-393 style-local-259-c12 position-relative\">\n    <!---->\n    <!---->\n    <div class=\"h-section-grid-container h-section-boxed-container\">\n      <!---->\n      <div data-colibri-id=\"259-c13\" class=\"h-row-container gutters-row-lg-2 gutters-row-md-2 gutters-row-0 gutters-row-v-lg-2 gutters-row-v-md-2 gutters-row-v-2 style-394 style-local-259-c13 position-relative\">\n        <!---->\n        <div class=\"h-row justify-content-lg-center justify-content-md-center justify-content-center align-items-lg-stretch align-items-md-stretch align-items-stretch gutters-col-lg-2 gutters-col-md-2 gutters-col-0 gutters-col-v-lg-2 gutters-col-v-md-2 gutters-col-v-2\">\n          <!---->\n          <div class=\"h-column h-column-container d-flex h-col-lg-auto h-col-md-auto h-col-auto style-395-outer style-local-259-c14-outer\">\n            <div data-colibri-id=\"259-c14\" class=\"d-flex h-flex-basis h-column__inner h-px-lg-2 h-px-md-2 h-px-2 v-inner-lg-2 v-inner-md-2 v-inner-2 style-395 style-local-259-c14 position-relative\">\n              <!---->\n              <!---->\n              <div class=\"w-100 h-y-container h-column__content h-column__v-align flex-basis-100 align-self-lg-start align-self-md-start align-self-start\">\n                <!---->\n                <div data-colibri-id=\"259-c15\" class=\"h-text h-text-component style-396 style-local-259-c15 position-relative h-element\">\n                  <!---->\n                  <!---->\n                  <div class=\"\">\n                    <p>Adem\u00e1s, las salas de escape pueden mejorar habilidades como la comunicaci\u00f3n, la resoluci\u00f3n de problemas, el trabajo en equipo y la creatividad. Los jugadores tambi\u00e9n pueden sentir la emoci\u00f3n de lograr algo juntos y experimentar una\n                      sensaci\u00f3n de logro despu\u00e9s de haber completado con \u00e9xito la sala de escape.<\/p>\n                  <\/div>\n                <\/div>\n                <div data-colibri-id=\"259-c16\" class=\"h-text h-text-component style-397 style-local-259-c16 position-relative h-element\">\n                  <!---->\n                  <!---->\n                  <div class=\"\">\n                    <p>TEM\u00c1TICAS: Terror, detectives, misterio, ladrones o tem\u00e1ticas conocidas como: Stranger Thing, Sherlock Holmes, Harry Potter, Alfred Hitchcock, Piratas del Caribe, Animales Fant\u00e1sticos. <\/p>\n                    <p>NECESIDADES: una sala de 30m2 aprox. \/ Mesas y muebles en la sala. INCLUYE: material, decorado, sonido, iluminaci\u00f3n y personal de control del juego.<\/p>\n                  <\/div>\n                <\/div>\n              <\/div>\n            <\/div>\n          <\/div>\n        <\/div>\n      <\/div>\n      <div data-colibri-id=\"259-c17\" class=\"h-row-container gutters-row-lg-2 gutters-row-md-2 gutters-row-0 gutters-row-v-lg-2 gutters-row-v-md-2 gutters-row-v-2 style-398 style-local-259-c17 position-relative\">\n        <!---->\n        <div class=\"h-row justify-content-lg-center justify-content-md-center justify-content-center align-items-lg-stretch align-items-md-stretch align-items-stretch gutters-col-lg-2 gutters-col-md-2 gutters-col-0 gutters-col-v-lg-2 gutters-col-v-md-2 gutters-col-v-2\">\n          <!---->\n          <div class=\"h-column h-column-container d-flex h-col-lg-auto h-col-md-auto h-col-auto style-399-outer style-local-259-c18-outer\">\n            <div data-colibri-id=\"259-c18\" class=\"d-flex h-flex-basis h-column__inner h-px-lg-2 h-px-md-2 h-px-2 v-inner-lg-2 v-inner-md-2 v-inner-2 style-399 style-local-259-c18 position-relative\">\n              <!---->\n              <!---->\n              <div class=\"w-100 h-y-container h-column__content h-column__v-align flex-basis-100 align-self-lg-start align-self-md-start align-self-start\">\n                <!---->\n                <div data-colibri-id=\"259-c19\" class=\"h-x-container style-400 style-local-259-c19 position-relative h-element\">\n                  <!---->\n                  <div class=\"h-x-container-inner style-dynamic-259-c19-group style-400-spacing style-local-259-c19-spacing\"><span class=\"h-button__outer style-401-outer style-local-259-c20-outer d-inline-flex h-element\"><a h-use-smooth-scroll=\"true\" href=\"https:\/\/qmaconsultores.com\/odema-siglo-xxi\/wp-content\/uploads\/2023\/05\/DossierEscapeRoom.pdf\"  data-colibri-id=\"259-c20\" class=\"d-flex w-100 align-items-center h-button justify-content-lg-center justify-content-md-center justify-content-center style-401 style-local-259-c20 position-relative\"><!----><!----> <span>M\u00c1S INFORMACI\u00d3N<\/span><\/a>\n                    <\/span>\n                  <\/div>\n                <\/div>\n              <\/div>\n            <\/div>\n          <\/div>\n        <\/div>\n      <\/div>\n    <\/div>\n  <\/div>\n<\/div>","protected":false},"excerpt":{"rendered":"<p>Un escape room en Sevilla, es juego de escape en vivo, es un juego de aventura en el que un grupo de jugadores trabaja juntos para resolver acertijos y rompecabezas dentro de una habitaci\u00f3n tem\u00e1tica para poder escapar antes de que termine el tiempo asignado. Las salas de escape se han vuelto muy populares en [&hellip;]<\/p>\n","protected":false},"author":1,"featured_media":0,"parent":0,"menu_order":0,"comment_status":"closed","ping_status":"closed","template":"page-templates\/full-width-page.php","meta":{"_mi_skip_tracking":false,"footnotes":""},"class_list":["post-259","page","type-page","status-publish","hentry"],"aioseo_notices":[],"yoast_head":"<!-- This site is optimized with the Yoast SEO plugin v19.11 - https:\/\/yoast.com\/wordpress\/plugins\/seo\/ -->\n<title>ESCAPE ROOM - ODEMA SIGLO XXI<\/title>\n<meta name=\"description\" content=\"Un escape room en Sevilla, es un juego de aventura en el que un grupo de jugadores trabaja juntos para resolver acertijos y rompecabezas\" \/>\n<meta name=\"robots\" content=\"index, follow, max-snippet:-1, max-image-preview:large, max-video-preview:-1\" \/>\n<link rel=\"canonical\" href=\"https:\/\/qmaconsultores.com\/odema-siglo-xxi\/escape-room\/\" \/>\n<meta property=\"og:locale\" content=\"es_ES\" \/>\n<meta property=\"og:type\" content=\"article\" \/>\n<meta property=\"og:title\" content=\"ESCAPE ROOM - ODEMA SIGLO XXI\" \/>\n<meta property=\"og:description\" content=\"Un escape room en Sevilla, es un juego de aventura en el que un grupo de jugadores trabaja juntos para resolver acertijos y rompecabezas\" \/>\n<meta property=\"og:url\" content=\"https:\/\/qmaconsultores.com\/odema-siglo-xxi\/escape-room\/\" \/>\n<meta property=\"og:site_name\" content=\"ODEMA SIGLO XXI\" \/>\n<meta property=\"article:modified_time\" content=\"2023-05-10T11:30:51+00:00\" \/>\n<meta property=\"og:image\" content=\"https:\/\/qmaconsultores.com\/odema-siglo-xxi\/wp-content\/uploads\/2023\/03\/images.jpg\" \/>\n<meta name=\"twitter:card\" content=\"summary_large_image\" \/>\n<meta name=\"twitter:label1\" content=\"Tiempo de lectura\" \/>\n\t<meta name=\"twitter:data1\" content=\"2 minutos\" \/>\n<script type=\"application\/ld+json\" class=\"yoast-schema-graph\">{\"@context\":\"https:\/\/schema.org\",\"@graph\":[{\"@type\":\"WebPage\",\"@id\":\"https:\/\/qmaconsultores.com\/odema-siglo-xxi\/escape-room\/\",\"url\":\"https:\/\/qmaconsultores.com\/odema-siglo-xxi\/escape-room\/\",\"name\":\"ESCAPE ROOM - ODEMA SIGLO XXI\",\"isPartOf\":{\"@id\":\"https:\/\/qmaconsultores.com\/odema-siglo-xxi\/#website\"},\"datePublished\":\"2023-03-03T10:37:41+00:00\",\"dateModified\":\"2023-05-10T11:30:51+00:00\",\"description\":\"Un escape room en Sevilla, es un juego de aventura en el que un grupo de jugadores trabaja juntos para resolver acertijos y rompecabezas\",\"breadcrumb\":{\"@id\":\"https:\/\/qmaconsultores.com\/odema-siglo-xxi\/escape-room\/#breadcrumb\"},\"inLanguage\":\"es\",\"potentialAction\":[{\"@type\":\"ReadAction\",\"target\":[\"https:\/\/qmaconsultores.com\/odema-siglo-xxi\/escape-room\/\"]}]},{\"@type\":\"BreadcrumbList\",\"@id\":\"https:\/\/qmaconsultores.com\/odema-siglo-xxi\/escape-room\/#breadcrumb\",\"itemListElement\":[{\"@type\":\"ListItem\",\"position\":1,\"name\":\"Portada\",\"item\":\"https:\/\/qmaconsultores.com\/odema-siglo-xxi\/\"},{\"@type\":\"ListItem\",\"position\":2,\"name\":\"ESCAPE ROOM\"}]},{\"@type\":\"WebSite\",\"@id\":\"https:\/\/qmaconsultores.com\/odema-siglo-xxi\/#website\",\"url\":\"https:\/\/qmaconsultores.com\/odema-siglo-xxi\/\",\"name\":\"ODEMA SIGLO XXI\",\"description\":\"\",\"publisher\":{\"@id\":\"https:\/\/qmaconsultores.com\/odema-siglo-xxi\/#organization\"},\"potentialAction\":[{\"@type\":\"SearchAction\",\"target\":{\"@type\":\"EntryPoint\",\"urlTemplate\":\"https:\/\/qmaconsultores.com\/odema-siglo-xxi\/?s={search_term_string}\"},\"query-input\":\"required name=search_term_string\"}],\"inLanguage\":\"es\"},{\"@type\":\"Organization\",\"@id\":\"https:\/\/qmaconsultores.com\/odema-siglo-xxi\/#organization\",\"name\":\"ODEMA SIGLO XXI\",\"url\":\"https:\/\/qmaconsultores.com\/odema-siglo-xxi\/\",\"logo\":{\"@type\":\"ImageObject\",\"inLanguage\":\"es\",\"@id\":\"https:\/\/qmaconsultores.com\/odema-siglo-xxi\/#\/schema\/logo\/image\/\",\"url\":\"https:\/\/qmaconsultores.com\/odema-siglo-xxi\/wp-content\/uploads\/2023\/01\/logo_Odema.png\",\"contentUrl\":\"https:\/\/qmaconsultores.com\/odema-siglo-xxi\/wp-content\/uploads\/2023\/01\/logo_Odema.png\",\"width\":1705,\"height\":901,\"caption\":\"ODEMA SIGLO XXI\"},\"image\":{\"@id\":\"https:\/\/qmaconsultores.com\/odema-siglo-xxi\/#\/schema\/logo\/image\/\"}}]}<\/script>\n<!-- \/ Yoast SEO plugin. -->","yoast_head_json":{"title":"ESCAPE ROOM - ODEMA SIGLO XXI","description":"Un escape room en Sevilla, es un juego de aventura en el que un grupo de jugadores trabaja juntos para resolver acertijos y rompecabezas","robots":{"index":"index","follow":"follow","max-snippet":"max-snippet:-1","max-image-preview":"max-image-preview:large","max-video-preview":"max-video-preview:-1"},"canonical":"https:\/\/qmaconsultores.com\/odema-siglo-xxi\/escape-room\/","og_locale":"es_ES","og_type":"article","og_title":"ESCAPE ROOM - ODEMA SIGLO XXI","og_description":"Un escape room en Sevilla, es un juego de aventura en el que un grupo de jugadores trabaja juntos para resolver acertijos y rompecabezas","og_url":"https:\/\/qmaconsultores.com\/odema-siglo-xxi\/escape-room\/","og_site_name":"ODEMA SIGLO XXI","article_modified_time":"2023-05-10T11:30:51+00:00","og_image":[{"url":"https:\/\/qmaconsultores.com\/odema-siglo-xxi\/wp-content\/uploads\/2023\/03\/images.jpg"}],"twitter_card":"summary_large_image","twitter_misc":{"Tiempo de lectura":"2 minutos"},"schema":{"@context":"https:\/\/schema.org","@graph":[{"@type":"WebPage","@id":"https:\/\/qmaconsultores.com\/odema-siglo-xxi\/escape-room\/","url":"https:\/\/qmaconsultores.com\/odema-siglo-xxi\/escape-room\/","name":"ESCAPE ROOM - ODEMA SIGLO XXI","isPartOf":{"@id":"https:\/\/qmaconsultores.com\/odema-siglo-xxi\/#website"},"datePublished":"2023-03-03T10:37:41+00:00","dateModified":"2023-05-10T11:30:51+00:00","description":"Un escape room en Sevilla, es un juego de aventura en el que un grupo de jugadores trabaja juntos para resolver acertijos y rompecabezas","breadcrumb":{"@id":"https:\/\/qmaconsultores.com\/odema-siglo-xxi\/escape-room\/#breadcrumb"},"inLanguage":"es","potentialAction":[{"@type":"ReadAction","target":["https:\/\/qmaconsultores.com\/odema-siglo-xxi\/escape-room\/"]}]},{"@type":"BreadcrumbList","@id":"https:\/\/qmaconsultores.com\/odema-siglo-xxi\/escape-room\/#breadcrumb","itemListElement":[{"@type":"ListItem","position":1,"name":"Portada","item":"https:\/\/qmaconsultores.com\/odema-siglo-xxi\/"},{"@type":"ListItem","position":2,"name":"ESCAPE ROOM"}]},{"@type":"WebSite","@id":"https:\/\/qmaconsultores.com\/odema-siglo-xxi\/#website","url":"https:\/\/qmaconsultores.com\/odema-siglo-xxi\/","name":"ODEMA SIGLO XXI","description":"","publisher":{"@id":"https:\/\/qmaconsultores.com\/odema-siglo-xxi\/#organization"},"potentialAction":[{"@type":"SearchAction","target":{"@type":"EntryPoint","urlTemplate":"https:\/\/qmaconsultores.com\/odema-siglo-xxi\/?s={search_term_string}"},"query-input":"required name=search_term_string"}],"inLanguage":"es"},{"@type":"Organization","@id":"https:\/\/qmaconsultores.com\/odema-siglo-xxi\/#organization","name":"ODEMA SIGLO XXI","url":"https:\/\/qmaconsultores.com\/odema-siglo-xxi\/","logo":{"@type":"ImageObject","inLanguage":"es","@id":"https:\/\/qmaconsultores.com\/odema-siglo-xxi\/#\/schema\/logo\/image\/","url":"https:\/\/qmaconsultores.com\/odema-siglo-xxi\/wp-content\/uploads\/2023\/01\/logo_Odema.png","contentUrl":"https:\/\/qmaconsultores.com\/odema-siglo-xxi\/wp-content\/uploads\/2023\/01\/logo_Odema.png","width":1705,"height":901,"caption":"ODEMA SIGLO XXI"},"image":{"@id":"https:\/\/qmaconsultores.com\/odema-siglo-xxi\/#\/schema\/logo\/image\/"}}]}},"_links":{"self":[{"href":"https:\/\/qmaconsultores.com\/odema-siglo-xxi\/wp-json\/wp\/v2\/pages\/259","targetHints":{"allow":["GET"]}}],"collection":[{"href":"https:\/\/qmaconsultores.com\/odema-siglo-xxi\/wp-json\/wp\/v2\/pages"}],"about":[{"href":"https:\/\/qmaconsultores.com\/odema-siglo-xxi\/wp-json\/wp\/v2\/types\/page"}],"author":[{"embeddable":true,"href":"https:\/\/qmaconsultores.com\/odema-siglo-xxi\/wp-json\/wp\/v2\/users\/1"}],"replies":[{"embeddable":true,"href":"https:\/\/qmaconsultores.com\/odema-siglo-xxi\/wp-json\/wp\/v2\/comments?post=259"}],"version-history":[{"count":7,"href":"https:\/\/qmaconsultores.com\/odema-siglo-xxi\/wp-json\/wp\/v2\/pages\/259\/revisions"}],"predecessor-version":[{"id":412,"href":"https:\/\/qmaconsultores.com\/odema-siglo-xxi\/wp-json\/wp\/v2\/pages\/259\/revisions\/412"}],"wp:attachment":[{"href":"https:\/\/qmaconsultores.com\/odema-siglo-xxi\/wp-json\/wp\/v2\/media?parent=259"}],"curies":[{"name":"wp","href":"https:\/\/api.w.org\/{rel}","templated":true}]}}