{"id":301,"date":"2023-03-03T11:52:34","date_gmt":"2023-03-03T11:52:34","guid":{"rendered":"https:\/\/qmaconsultores.com\/odema-siglo-xxi\/?page_id=301"},"modified":"2023-03-03T12:17:22","modified_gmt":"2023-03-03T12:17:22","slug":"escapezombi","status":"publish","type":"page","link":"https:\/\/qmaconsultores.com\/odema-siglo-xxi\/escapezombi\/","title":{"rendered":"ESCAPEZOMBI"},"content":{"rendered":"<div data-colibri-id=\"301-c1\" class=\"style-402 style-local-301-c1 position-relative\">\n  <!---->\n  <div data-colibri-component=\"section\" data-colibri-id=\"301-c2\" id=\"custom\" class=\"h-section h-section-global-spacing d-flex align-items-lg-center align-items-md-center align-items-center style-403 style-local-301-c2 position-relative\">\n    <!---->\n    <!---->\n    <div class=\"h-section-grid-container h-section-boxed-container\">\n      <!---->\n      <div data-colibri-id=\"301-c3\" class=\"h-row-container gutters-row-lg-2 gutters-row-md-2 gutters-row-0 gutters-row-v-lg-2 gutters-row-v-md-2 gutters-row-v-2 style-404 style-local-301-c3 position-relative\">\n        <!---->\n        <div class=\"h-row justify-content-lg-center justify-content-md-center justify-content-center align-items-lg-stretch align-items-md-stretch align-items-stretch gutters-col-lg-2 gutters-col-md-2 gutters-col-0 gutters-col-v-lg-2 gutters-col-v-md-2 gutters-col-v-2\">\n          <!---->\n          <div class=\"h-column h-column-container d-flex h-col-lg-auto h-col-md-auto h-col-auto style-405-outer style-local-301-c4-outer\">\n            <div data-colibri-id=\"301-c4\" class=\"d-flex h-flex-basis h-column__inner h-px-lg-2 h-px-md-2 h-px-2 v-inner-lg-2 v-inner-md-2 v-inner-2 style-405 style-local-301-c4 position-relative\">\n              <!---->\n              <!---->\n              <div class=\"w-100 h-y-container h-column__content h-column__v-align flex-basis-100 align-self-lg-start align-self-md-start align-self-start\">\n                <!---->\n                <div data-colibri-id=\"301-c5\" class=\"h-text h-text-component style-406 style-local-301-c5 position-relative h-element\">\n                  <!---->\n                  <!---->\n                  <div class=\"\">\n                    <p>Necesitamos una zona grande delimitada (recinto ferial, parques del municipio, etc) dentro de la zona, pabell\u00f3n o salas para maquillaje y control del juego, corriente el\u00e9ctrica para pantalla y c\u00e1maras. Necesitaremos las zonas de juego\n                      habilitadas para el montaje de toda la actividad desde el mismo d\u00eda por la ma\u00f1ana. TEM\u00c1TICAS: La tem\u00e1tica&nbsp;es de apocalipsis Zombi, dentro de la tem\u00e1tica de Terror.<\/p>\n                  <\/div>\n                <\/div>\n                <div data-colibri-id=\"301-c6\" class=\"h-text h-text-component style-407 style-local-301-c6 position-relative h-element\">\n                  <!---->\n                  <!---->\n                  <div class=\"\">\n                    <p>Incluye:&nbsp;: Pruebas en las distintas ubicaciones del municipio, actores, material, pantalla gigante para control de zonas, carpas para militares, acreditaciones, colgante para acreditaciones, regalos, trofeos.<\/p>\n                  <\/div>\n                <\/div>\n                <div data-colibri-id=\"301-c8\" class=\"h-text h-text-component style-409 style-local-301-c8 position-relative h-element\">\n                  <!---->\n                  <!---->\n                  <div class=\"\">\n                    <p>Grupos: Los grupos estar\u00e1n compuestos por al menos 4 personas y un m\u00e1ximo de 8 participantes para dar m\u00e1s fluidez al juego.<\/p>\n                  <\/div>\n                <\/div>\n                <div data-colibri-id=\"301-c14\" class=\"d-block style-414 style-local-301-c14 position-relative h-element\">\n                  <!---->\n                  <div class=\"h-image__frame-container-outer\">\n                    <div class=\"h-image__frame-container\">\n                      <!---->\n                      <!---->\n                      <img loading=\"lazy\" decoding=\"async\" width=\"700\" height=\"450\" src=\"https:\/\/qmaconsultores.com\/odema-siglo-xxi\/wp-content\/uploads\/2023\/03\/the-walking-dead-confirma-octava-temporada-522624.jpg\" class=\"wp-image-320 style-414-image style-local-301-c14-image\" alt=\"Scape Zombie Sevilla\" srcset=\"https:\/\/qmaconsultores.com\/odema-siglo-xxi\/wp-content\/uploads\/2023\/03\/the-walking-dead-confirma-octava-temporada-522624.jpg 700w, https:\/\/qmaconsultores.com\/odema-siglo-xxi\/wp-content\/uploads\/2023\/03\/the-walking-dead-confirma-octava-temporada-522624-300x193.jpg 300w\" sizes=\"auto, (max-width: 700px) 100vw, 700px\" \/>\n                      <div class=\"h-image__frame h-hide-lg h-hide-md h-hide-sm style-414-frameImage style-local-301-c14-frameImage\"><\/div>\n                    <\/div>\n                  <\/div>\n                <\/div>\n                <div data-colibri-id=\"301-c9\" class=\"h-text h-text-component style-410 style-local-301-c9 position-relative h-element\">\n                  <!---->\n                  <!---->\n                  <div class=\"\">\n                    <p>Medidas de acreditaci\u00f3n: El proceso de entrega de acreditaciones comenzar\u00e1 al menos 2 horas antes del juego, d\u00f3nde daremos el pase y se realizar\u00e1 el control concertado por horas, para evitar aglomeraciones en la entrega de las mismas.&nbsp;<\/p>\n                  <\/div>\n                <\/div>\n                <div data-colibri-id=\"301-c10\" class=\"h-text h-text-component style-411 style-local-301-c10 position-relative h-element\">\n                  <!---->\n                  <!---->\n                  <div class=\"\">\n                    <p>Montaje: Se comenzar\u00e1 a montar por la ma\u00f1ana. El maquillaje: comenzar\u00e1 al menos 3 horas antes del comienzo en la zona habilitada para ello.&nbsp;<\/p>\n                  <\/div>\n                <\/div>\n              <\/div>\n            <\/div>\n          <\/div>\n        <\/div>\n      <\/div>\n      <div data-colibri-id=\"301-c11\" class=\"h-row-container gutters-row-lg-2 gutters-row-md-2 gutters-row-0 gutters-row-v-lg-2 gutters-row-v-md-2 gutters-row-v-2 style-412 style-local-301-c11 position-relative\">\n        <!---->\n        <div class=\"h-row justify-content-lg-center justify-content-md-center justify-content-center align-items-lg-stretch align-items-md-stretch align-items-stretch gutters-col-lg-2 gutters-col-md-2 gutters-col-0 gutters-col-v-lg-2 gutters-col-v-md-2 gutters-col-v-2\">\n          <!---->\n          <div class=\"h-column h-column-container d-flex h-col-lg-auto h-col-md-auto h-col-auto style-413-outer style-local-301-c12-outer\">\n            <div data-colibri-id=\"301-c12\" class=\"d-flex h-flex-basis h-column__inner h-px-lg-2 h-px-md-2 h-px-2 v-inner-lg-2 v-inner-md-2 v-inner-2 style-413 style-local-301-c12 position-relative\">\n              <!---->\n              <!---->\n              <div class=\"w-100 h-y-container h-column__content h-column__v-align flex-basis-100 align-self-lg-start align-self-md-start align-self-start\">\n                <!---->\n                <div data-colibri-id=\"301-c13\" class=\"h-text h-text-component style-408 style-local-301-c13 position-relative h-element\">\n                  <!---->\n                  <!---->\n                  <div class=\"\">\n                    <p>Descripci\u00f3n: Dentro de la tem\u00e1tica zombi, este juego es una mezcla entre un Escape Room (aunque mas sencillo) y una gymkhana, teniendo que estar siempre alerta por el ataque de los zombis. En este juego existen varios tipos de zombis,\n                      y seg\u00fan la prueba que tengan que realizar, se activaran por alguno de los 5 sentidos. El juego esta apoyado por varios militares que a su vez distribuyen las pistas para la realizaci\u00f3n de las diferentes pruebas.<\/p>\n                  <\/div>\n                <\/div>\n              <\/div>\n            <\/div>\n          <\/div>\n        <\/div>\n      <\/div>\n    <\/div>\n  <\/div>\n<\/div>","protected":false},"excerpt":{"rendered":"<p>Necesitamos una zona grande delimitada (recinto ferial, parques del municipio, etc) dentro de la zona, pabell\u00f3n o salas para maquillaje y control del juego, corriente el\u00e9ctrica para pantalla y c\u00e1maras. Necesitaremos las zonas de juego habilitadas para el montaje de toda la actividad desde el mismo d\u00eda por la ma\u00f1ana. TEM\u00c1TICAS: La tem\u00e1tica&nbsp;es de apocalipsis [&hellip;]<\/p>\n","protected":false},"author":1,"featured_media":0,"parent":0,"menu_order":0,"comment_status":"closed","ping_status":"closed","template":"page-templates\/full-width-page.php","meta":{"_mi_skip_tracking":false,"footnotes":""},"class_list":["post-301","page","type-page","status-publish","hentry"],"aioseo_notices":[],"yoast_head":"<!-- This site is optimized with the Yoast SEO plugin v19.11 - https:\/\/yoast.com\/wordpress\/plugins\/seo\/ -->\n<title>ESCAPEZOMBI - ODEMA SIGLO XXI<\/title>\n<meta name=\"robots\" content=\"index, follow, max-snippet:-1, max-image-preview:large, max-video-preview:-1\" \/>\n<link rel=\"canonical\" href=\"https:\/\/qmaconsultores.com\/odema-siglo-xxi\/escapezombi\/\" \/>\n<meta property=\"og:locale\" content=\"es_ES\" \/>\n<meta property=\"og:type\" content=\"article\" \/>\n<meta property=\"og:title\" content=\"ESCAPEZOMBI - ODEMA SIGLO XXI\" \/>\n<meta property=\"og:description\" content=\"Necesitamos una zona grande delimitada (recinto ferial, parques del municipio, etc) dentro de la zona, pabell\u00f3n o salas para maquillaje y control del juego, corriente el\u00e9ctrica para pantalla y c\u00e1maras. Necesitaremos las zonas de juego habilitadas para el montaje de toda la actividad desde el mismo d\u00eda por la ma\u00f1ana. TEM\u00c1TICAS: La tem\u00e1tica&nbsp;es de apocalipsis [&hellip;]\" \/>\n<meta property=\"og:url\" content=\"https:\/\/qmaconsultores.com\/odema-siglo-xxi\/escapezombi\/\" \/>\n<meta property=\"og:site_name\" content=\"ODEMA SIGLO XXI\" \/>\n<meta property=\"article:modified_time\" content=\"2023-03-03T12:17:22+00:00\" \/>\n<meta property=\"og:image\" content=\"https:\/\/qmaconsultores.com\/odema-siglo-xxi\/wp-content\/uploads\/2023\/03\/the-walking-dead-confirma-octava-temporada-522624.jpg\" \/>\n<meta name=\"twitter:card\" content=\"summary_large_image\" \/>\n<script type=\"application\/ld+json\" class=\"yoast-schema-graph\">{\"@context\":\"https:\/\/schema.org\",\"@graph\":[{\"@type\":\"WebPage\",\"@id\":\"https:\/\/qmaconsultores.com\/odema-siglo-xxi\/escapezombi\/\",\"url\":\"https:\/\/qmaconsultores.com\/odema-siglo-xxi\/escapezombi\/\",\"name\":\"ESCAPEZOMBI - ODEMA SIGLO XXI\",\"isPartOf\":{\"@id\":\"https:\/\/qmaconsultores.com\/odema-siglo-xxi\/#website\"},\"datePublished\":\"2023-03-03T11:52:34+00:00\",\"dateModified\":\"2023-03-03T12:17:22+00:00\",\"breadcrumb\":{\"@id\":\"https:\/\/qmaconsultores.com\/odema-siglo-xxi\/escapezombi\/#breadcrumb\"},\"inLanguage\":\"es\",\"potentialAction\":[{\"@type\":\"ReadAction\",\"target\":[\"https:\/\/qmaconsultores.com\/odema-siglo-xxi\/escapezombi\/\"]}]},{\"@type\":\"BreadcrumbList\",\"@id\":\"https:\/\/qmaconsultores.com\/odema-siglo-xxi\/escapezombi\/#breadcrumb\",\"itemListElement\":[{\"@type\":\"ListItem\",\"position\":1,\"name\":\"Portada\",\"item\":\"https:\/\/qmaconsultores.com\/odema-siglo-xxi\/\"},{\"@type\":\"ListItem\",\"position\":2,\"name\":\"ESCAPEZOMBI\"}]},{\"@type\":\"WebSite\",\"@id\":\"https:\/\/qmaconsultores.com\/odema-siglo-xxi\/#website\",\"url\":\"https:\/\/qmaconsultores.com\/odema-siglo-xxi\/\",\"name\":\"ODEMA SIGLO XXI\",\"description\":\"\",\"publisher\":{\"@id\":\"https:\/\/qmaconsultores.com\/odema-siglo-xxi\/#organization\"},\"potentialAction\":[{\"@type\":\"SearchAction\",\"target\":{\"@type\":\"EntryPoint\",\"urlTemplate\":\"https:\/\/qmaconsultores.com\/odema-siglo-xxi\/?s={search_term_string}\"},\"query-input\":\"required name=search_term_string\"}],\"inLanguage\":\"es\"},{\"@type\":\"Organization\",\"@id\":\"https:\/\/qmaconsultores.com\/odema-siglo-xxi\/#organization\",\"name\":\"ODEMA SIGLO XXI\",\"url\":\"https:\/\/qmaconsultores.com\/odema-siglo-xxi\/\",\"logo\":{\"@type\":\"ImageObject\",\"inLanguage\":\"es\",\"@id\":\"https:\/\/qmaconsultores.com\/odema-siglo-xxi\/#\/schema\/logo\/image\/\",\"url\":\"https:\/\/qmaconsultores.com\/odema-siglo-xxi\/wp-content\/uploads\/2023\/01\/logo_Odema.png\",\"contentUrl\":\"https:\/\/qmaconsultores.com\/odema-siglo-xxi\/wp-content\/uploads\/2023\/01\/logo_Odema.png\",\"width\":1705,\"height\":901,\"caption\":\"ODEMA SIGLO XXI\"},\"image\":{\"@id\":\"https:\/\/qmaconsultores.com\/odema-siglo-xxi\/#\/schema\/logo\/image\/\"}}]}<\/script>\n<!-- \/ Yoast SEO plugin. -->","yoast_head_json":{"title":"ESCAPEZOMBI - ODEMA SIGLO XXI","robots":{"index":"index","follow":"follow","max-snippet":"max-snippet:-1","max-image-preview":"max-image-preview:large","max-video-preview":"max-video-preview:-1"},"canonical":"https:\/\/qmaconsultores.com\/odema-siglo-xxi\/escapezombi\/","og_locale":"es_ES","og_type":"article","og_title":"ESCAPEZOMBI - ODEMA SIGLO XXI","og_description":"Necesitamos una zona grande delimitada (recinto ferial, parques del municipio, etc) dentro de la zona, pabell\u00f3n o salas para maquillaje y control del juego, corriente el\u00e9ctrica para pantalla y c\u00e1maras. Necesitaremos las zonas de juego habilitadas para el montaje de toda la actividad desde el mismo d\u00eda por la ma\u00f1ana. TEM\u00c1TICAS: La tem\u00e1tica&nbsp;es de apocalipsis [&hellip;]","og_url":"https:\/\/qmaconsultores.com\/odema-siglo-xxi\/escapezombi\/","og_site_name":"ODEMA SIGLO XXI","article_modified_time":"2023-03-03T12:17:22+00:00","og_image":[{"url":"https:\/\/qmaconsultores.com\/odema-siglo-xxi\/wp-content\/uploads\/2023\/03\/the-walking-dead-confirma-octava-temporada-522624.jpg"}],"twitter_card":"summary_large_image","schema":{"@context":"https:\/\/schema.org","@graph":[{"@type":"WebPage","@id":"https:\/\/qmaconsultores.com\/odema-siglo-xxi\/escapezombi\/","url":"https:\/\/qmaconsultores.com\/odema-siglo-xxi\/escapezombi\/","name":"ESCAPEZOMBI - ODEMA SIGLO XXI","isPartOf":{"@id":"https:\/\/qmaconsultores.com\/odema-siglo-xxi\/#website"},"datePublished":"2023-03-03T11:52:34+00:00","dateModified":"2023-03-03T12:17:22+00:00","breadcrumb":{"@id":"https:\/\/qmaconsultores.com\/odema-siglo-xxi\/escapezombi\/#breadcrumb"},"inLanguage":"es","potentialAction":[{"@type":"ReadAction","target":["https:\/\/qmaconsultores.com\/odema-siglo-xxi\/escapezombi\/"]}]},{"@type":"BreadcrumbList","@id":"https:\/\/qmaconsultores.com\/odema-siglo-xxi\/escapezombi\/#breadcrumb","itemListElement":[{"@type":"ListItem","position":1,"name":"Portada","item":"https:\/\/qmaconsultores.com\/odema-siglo-xxi\/"},{"@type":"ListItem","position":2,"name":"ESCAPEZOMBI"}]},{"@type":"WebSite","@id":"https:\/\/qmaconsultores.com\/odema-siglo-xxi\/#website","url":"https:\/\/qmaconsultores.com\/odema-siglo-xxi\/","name":"ODEMA SIGLO XXI","description":"","publisher":{"@id":"https:\/\/qmaconsultores.com\/odema-siglo-xxi\/#organization"},"potentialAction":[{"@type":"SearchAction","target":{"@type":"EntryPoint","urlTemplate":"https:\/\/qmaconsultores.com\/odema-siglo-xxi\/?s={search_term_string}"},"query-input":"required name=search_term_string"}],"inLanguage":"es"},{"@type":"Organization","@id":"https:\/\/qmaconsultores.com\/odema-siglo-xxi\/#organization","name":"ODEMA SIGLO XXI","url":"https:\/\/qmaconsultores.com\/odema-siglo-xxi\/","logo":{"@type":"ImageObject","inLanguage":"es","@id":"https:\/\/qmaconsultores.com\/odema-siglo-xxi\/#\/schema\/logo\/image\/","url":"https:\/\/qmaconsultores.com\/odema-siglo-xxi\/wp-content\/uploads\/2023\/01\/logo_Odema.png","contentUrl":"https:\/\/qmaconsultores.com\/odema-siglo-xxi\/wp-content\/uploads\/2023\/01\/logo_Odema.png","width":1705,"height":901,"caption":"ODEMA SIGLO XXI"},"image":{"@id":"https:\/\/qmaconsultores.com\/odema-siglo-xxi\/#\/schema\/logo\/image\/"}}]}},"_links":{"self":[{"href":"https:\/\/qmaconsultores.com\/odema-siglo-xxi\/wp-json\/wp\/v2\/pages\/301","targetHints":{"allow":["GET"]}}],"collection":[{"href":"https:\/\/qmaconsultores.com\/odema-siglo-xxi\/wp-json\/wp\/v2\/pages"}],"about":[{"href":"https:\/\/qmaconsultores.com\/odema-siglo-xxi\/wp-json\/wp\/v2\/types\/page"}],"author":[{"embeddable":true,"href":"https:\/\/qmaconsultores.com\/odema-siglo-xxi\/wp-json\/wp\/v2\/users\/1"}],"replies":[{"embeddable":true,"href":"https:\/\/qmaconsultores.com\/odema-siglo-xxi\/wp-json\/wp\/v2\/comments?post=301"}],"version-history":[{"count":4,"href":"https:\/\/qmaconsultores.com\/odema-siglo-xxi\/wp-json\/wp\/v2\/pages\/301\/revisions"}],"predecessor-version":[{"id":322,"href":"https:\/\/qmaconsultores.com\/odema-siglo-xxi\/wp-json\/wp\/v2\/pages\/301\/revisions\/322"}],"wp:attachment":[{"href":"https:\/\/qmaconsultores.com\/odema-siglo-xxi\/wp-json\/wp\/v2\/media?parent=301"}],"curies":[{"name":"wp","href":"https:\/\/api.w.org\/{rel}","templated":true}]}}