{"id":885,"date":"2022-12-22T09:59:48","date_gmt":"2022-12-22T09:59:48","guid":{"rendered":"https:\/\/qmaconsultores.com\/taberna-maria\/?page_id=885"},"modified":"2022-12-22T10:01:13","modified_gmt":"2022-12-22T10:01:13","slug":"aviso-legal","status":"publish","type":"page","link":"https:\/\/qmaconsultores.com\/taberna-maria\/aviso-legal\/","title":{"rendered":"Aviso legal"},"content":{"rendered":"\t\t<div data-elementor-type=\"wp-page\" data-elementor-id=\"885\" class=\"elementor elementor-885\">\n\t\t\t\t\t\t\t\t\t<section class=\"elementor-section elementor-top-section elementor-element elementor-element-cd537fa elementor-section-boxed elementor-section-height-default elementor-section-height-default\" data-id=\"cd537fa\" data-element_type=\"section\">\n\t\t\t\t\t\t<div class=\"elementor-container elementor-column-gap-default\">\n\t\t\t\t\t<div class=\"elementor-column elementor-col-100 elementor-top-column elementor-element elementor-element-a6ea68e\" data-id=\"a6ea68e\" data-element_type=\"column\">\n\t\t\t<div class=\"elementor-widget-wrap elementor-element-populated\">\n\t\t\t\t\t\t\t\t<div class=\"elementor-element elementor-element-ee2e915 elementor-widget elementor-widget-heading\" data-id=\"ee2e915\" data-element_type=\"widget\" data-widget_type=\"heading.default\">\n\t\t\t\t<div class=\"elementor-widget-container\">\n\t\t\t<style>\/*! elementor - v3.16.0 - 17-10-2023 *\/\n.elementor-heading-title{padding:0;margin:0;line-height:1}.elementor-widget-heading .elementor-heading-title[class*=elementor-size-]>a{color:inherit;font-size:inherit;line-height:inherit}.elementor-widget-heading .elementor-heading-title.elementor-size-small{font-size:15px}.elementor-widget-heading .elementor-heading-title.elementor-size-medium{font-size:19px}.elementor-widget-heading .elementor-heading-title.elementor-size-large{font-size:29px}.elementor-widget-heading .elementor-heading-title.elementor-size-xl{font-size:39px}.elementor-widget-heading .elementor-heading-title.elementor-size-xxl{font-size:59px}<\/style><h2 class=\"elementor-heading-title elementor-size-default\">Aviso legal<\/h2>\t\t<\/div>\n\t\t\t\t<\/div>\n\t\t\t\t\t<\/div>\n\t\t<\/div>\n\t\t\t\t\t\t\t<\/div>\n\t\t<\/section>\n\t\t\t\t<section class=\"elementor-section elementor-top-section elementor-element elementor-element-9902d05 elementor-section-boxed elementor-section-height-default elementor-section-height-default\" data-id=\"9902d05\" data-element_type=\"section\">\n\t\t\t\t\t\t<div class=\"elementor-container elementor-column-gap-default\">\n\t\t\t\t\t<div class=\"elementor-column elementor-col-100 elementor-top-column elementor-element elementor-element-c2c0a60\" data-id=\"c2c0a60\" data-element_type=\"column\">\n\t\t\t<div class=\"elementor-widget-wrap elementor-element-populated\">\n\t\t\t\t\t\t\t\t<div class=\"elementor-element elementor-element-ca514a2 elementor-widget elementor-widget-text-editor\" data-id=\"ca514a2\" data-element_type=\"widget\" data-widget_type=\"text-editor.default\">\n\t\t\t\t<div class=\"elementor-widget-container\">\n\t\t\t<style>\/*! elementor - v3.16.0 - 17-10-2023 *\/\n.elementor-widget-text-editor.elementor-drop-cap-view-stacked .elementor-drop-cap{background-color:#69727d;color:#fff}.elementor-widget-text-editor.elementor-drop-cap-view-framed .elementor-drop-cap{color:#69727d;border:3px solid;background-color:transparent}.elementor-widget-text-editor:not(.elementor-drop-cap-view-default) .elementor-drop-cap{margin-top:8px}.elementor-widget-text-editor:not(.elementor-drop-cap-view-default) .elementor-drop-cap-letter{width:1em;height:1em}.elementor-widget-text-editor .elementor-drop-cap{float:left;text-align:center;line-height:1;font-size:50px}.elementor-widget-text-editor .elementor-drop-cap-letter{display:inline-block}<\/style>\t\t\t\t<p>Te informamos que el acceso y uso del sitio web est\u00e1 sujeto a las presentes Condiciones de Uso, por lo que te recomendamos su lectura. Como usuario te comprometes a utilizarlo de conformidad con lo aqu\u00ed establecido, as\u00ed como a la normativa legal vigente en el momento de su utilizaci\u00f3n.<\/p><ol><li><strong>Datos de identificaci\u00f3n:<\/strong><\/li><\/ol><ul><li><strong>Denominaci\u00f3n social:<\/strong>\u00a0SILMA DA SILVEIRA BARBOSA\u00a0<\/li><li><strong>Nombre comercial:<\/strong>\u00a0TABERNA MAR\u00cdA<\/li><li><strong>CIF:<\/strong>\u00a0 29567339B<\/li><li><strong>Domicilio:<\/strong>\u00a0GRUPO PARQUEFLORES FASE I S\/N Esc. 11 Planta 06 Pta. B CP 41015 Sevilla<\/li><li><strong>Tel\u00e9fono :<\/strong>\u00a0+34 633 56 20 54\u00a0<\/li><li><b>Email: <\/b><span style=\"font-size: small;\">joaquin@mcgallegossl.com<\/span><\/li><li><strong>Inscripci\u00f3n de la Sociedad:<\/strong>\u00a0Registro Mercantil de la Provincia de Granada, Tomo: 767, Folio: 006, Hoja: GR-11724.<\/li><li><b>Sitio web: <\/b>TabernaMar\u00eda.com<\/li><\/ul><ol start=\"2\"><li><strong>Objeto:<\/strong><\/li><\/ol><p>El Sitio Web es propiedad de SILMA DA SILVEIRA BARBOSA S.L. (en adelante El Prestador) y tiene como finalidad la divulgaci\u00f3n y prestaci\u00f3n de nuestros servicios. Ponemos a tu disposici\u00f3n el presente documento para dar cumplimiento a las obligaciones dispuestas en la Ley 34\/2002, de Servicios de la Sociedad de la Informaci\u00f3n y del Comercio Electr\u00f3nico (LSSI-CE), y para informarte de cu\u00e1les son las condiciones generales de uso del Sitio Web.<\/p><ol start=\"3\"><li><strong>Condiciones de utilizaci\u00f3n:<\/strong><\/li><\/ol><p>El contenido y \u00a0servicios disponibles en el Sitio Web est\u00e1n sujetos a las presentes Condiciones Generales de Uso y a la pol\u00edtica sobre tratamiento de datos personales (en adelante \u201cPol\u00edtica de Privacidad\u201d). El acceso o utilizaci\u00f3n de este te otorga la calificaci\u00f3n de \u00abUsuario\u00bb e implica la aceptaci\u00f3n sin reservas de todas y cada una de las presentes condiciones. Nos reservamos el derecho a modificarlas en cualquier momento, por lo que ser\u00e1 de tu responsabilidad su atenta lectura en cada acceso. Si no estuvieras de acuerdo con cualquiera de las mismas aqu\u00ed dispuestas, deber\u00e1s abstenerte respecto a su uso.<\/p><p>Asimismo, te advertimos que, en ocasiones, se podr\u00e1n establecer condiciones particulares para la utilizaci\u00f3n en el Sitio Web de contenidos y\/o servicios espec\u00edficos, la utilizaci\u00f3n de dichos contenidos o servicios implicar\u00e1 la aceptaci\u00f3n de las condiciones particulares en ellos especificadas.<\/p><p>\u00a0<\/p><ol start=\"4\"><li><strong>Responsabilidad del Prestador y Fuerza mayor:<\/strong><\/li><\/ol><p>Podremos interrumpir el servicio o resolver de modo inmediato la relaci\u00f3n con el Usuario si detectamos que el uso del Sitio Web o de cualquiera de los servicios ofertados en el mismo son contrarios a las presentes Condiciones Generales de Uso.<\/p><p>Hemos revisado y probado este Sitio Web para que funcione correctamente. En principio, podemos garantizar el correcto funcionamiento los 365 d\u00edas del a\u00f1o, 24 horas al d\u00eda. No obstante, no descartamos la posibilidad de que existan supuestos de fuerza mayor o de caso fortuito que hagan imposible el acceso al mismo. Por tanto, no garantizamos el acceso continuado, ni la correcta visualizaci\u00f3n, descarga o utilidad de los elementos e informaciones contenidas, que pueden verse impedidos, dificultados o interrumpidos por factores o circunstancias que est\u00e1n fuera de nuestro control.<\/p><p>No nos hacemos responsable de los da\u00f1os, perjuicios, p\u00e9rdidas, reclamaciones o gastos derivados del uso del Sitio Web. \u00danicamente seremos responsables de eliminar, lo antes posible, los contenidos que puedan generar tales perjuicios, siempre que as\u00ed se notifique.<\/p><p>En especial no seremos responsables de los perjuicios que se pudieran derivar, entre otros, de:<\/p><ul><li>Interferencias, interrupciones, fallos, omisiones, aver\u00edas telef\u00f3nicas, retrasos, bloqueos o desconexiones en el funcionamiento del sistema electr\u00f3nico, motivadas por deficiencias, sobrecargas y errores en las l\u00edneas y redes de telecomunicaciones, o por cualquier otra causa ajena a nuestro control.<\/li><li>Intromisiones ileg\u00edtimas mediante el uso de programas malignos de cualquier tipo y a trav\u00e9s de cualquier medio de comunicaci\u00f3n, tales como virus inform\u00e1ticos o cualesquiera otros.<\/li><li>Abuso indebido o inadecuado del Sitio Web.<\/li><li>Errores de seguridad o navegaci\u00f3n producidos por un mal funcionamiento del navegador o por el uso de versiones no actualizadas del mismo.<\/li><li>Conflictos sociales, huelgas, rebeli\u00f3n, explosiones, inundaciones, actos y omisiones del Gobierno.<\/li><\/ul><ol start=\"5\"><li><strong>Obligaciones del Usuario:<\/strong><\/li><\/ol><p>Como usuario te comprometes a:<\/p><ul><li>Hacer un uso adecuado y l\u00edcito del Sitio Web, as\u00ed como de los contenidos y servicios, de conformidad con la legislaci\u00f3n aplicable en cada momento, a las Condiciones Generales de Uso del Sitio Web, a la moral y buenas costumbres generalmente aceptadas y\u00a0al orden p\u00fablico.<\/li><li>Facilitar informaci\u00f3n veraz al cumplimentar con tus datos de car\u00e1cter personal los formularios contenidos en el Sitio web y a mantenerlos actualizados en todo momento de forma que responda a tu situaci\u00f3n real.<\/li><\/ul><p>Ser\u00e1s el \u00fanico responsable de las manifestaciones falsas o inexactas que realices y de los perjuicios que nos causes a nosotros o a Terceros por la informaci\u00f3n facilitada.<\/p><p>Asimismo, deber\u00e1s abstenerte de hacer un uso no autorizado o fraudulento del Sitio Web y\/o de los contenidos, con fines o efectos il\u00edcitos, prohibidos en las presentes Condiciones de Uso, lesivos de los derechos e intereses de terceros, o que de cualquier forma puedan da\u00f1ar, inutilizar, sobrecargar, deteriorar o impedir la normal utilizaci\u00f3n de los servicios o los documentos, archivos y toda clase de contenidos almacenados en cualquier equipo inform\u00e1tico.<\/p><p>Si de manera negligente o dolosa incumplieras cualquiera de las obligaciones establecidas en las presentes Condiciones Generales de Uso, deber\u00e1s responder por todos los da\u00f1os y perjuicios que de dicho incumplimiento pudieran derivarse para nosotros.<\/p><ol start=\"6\"><li><strong>Hiperv\u00ednculos:<\/strong><\/li><\/ol><p>El Sitio Web puede incluir enlaces a otros sitios web gestionados por terceros de cuyos contenidos no podemos tener control, por lo que no podemos asumir ning\u00fan tipo de responsabilidad frente a ellos. En todo caso, procederemos a la retirada inmediata de la redirecci\u00f3n a dicho sitio web y de cualquier contenido que pudiera contravenir la legislaci\u00f3n nacional o internacional, la moral o el orden p\u00fablico, poniendo en conocimiento de las autoridades competentes el contenido en cuesti\u00f3n.<\/p><ol start=\"7\"><li><strong>Propiedad intelectual e industrial:<\/strong><\/li><\/ol><p>El Sitio Web, incluyendo a t\u00edtulo enunciativo, pero no limitativo su programaci\u00f3n, edici\u00f3n, compilaci\u00f3n y dem\u00e1s elementos necesarios para su funcionamiento, los dise\u00f1os, logotipos, texto y\/o gr\u00e1ficos es propiedad del Prestador o en su caso disponemos de licencia o autorizaci\u00f3n por parte de los autores. Todos los contenidos del Sitio Web se encuentran debidamente protegidos por la normativa de propiedad intelectual e industrial, as\u00ed como inscritos en los registros p\u00fablicos correspondientes.<\/p><p>Independientemente de la finalidad para la que fueran destinados, la reproducci\u00f3n total o parcial, uso, explotaci\u00f3n, distribuci\u00f3n y comercializaci\u00f3n, requiere en todo caso nuestra previa autorizaci\u00f3n escrita. Cualquier uso no autorizado ser\u00e1 considerado un incumplimiento grave de los derechos de propiedad intelectual o industrial del autor.<\/p><p>Los dise\u00f1os, logotipos, texto y\/o gr\u00e1ficos ajenos al Prestador y que pudieran aparecer en el Sitio Web, pertenecen a sus respectivos propietarios, siendo ellos mismos responsables de cualquier posible controversia que pudiera suscitarse respecto a los mismos.<\/p><p>Para realizar cualquier tipo de observaci\u00f3n respecto a posibles incumplimientos de los derechos de propiedad intelectual o industrial, as\u00ed como sobre cualquiera de los contenidos del Sitio Web, puedes dirigir un\u00a0 correo electr\u00f3nico a joaquin@mcgallegosl.es\u00a0<\/p><ol start=\"8\"><li><strong>Duraci\u00f3n, suspensi\u00f3n, terminaci\u00f3n y fuero:<\/strong><\/li><\/ol><p>La prestaci\u00f3n del servicio del presente Sitio Web y los dem\u00e1s servicios tienen en principio una duraci\u00f3n indefinida. No obstante, podremos dar por terminada o suspender cualquiera de los servicios ofrecidos, procediendo a comunicarlo cuando ello sea posible.<\/p><p>Las presentes Condiciones Generales de Uso, as\u00ed como el uso del Sitio Web, se regir\u00e1n por la legislaci\u00f3n espa\u00f1ola. Cualquier controversia ser\u00e1 resuelta ante los Juzgados y Tribunales de la ciudad de Granada.<\/p><p>En el supuesto de que cualquier estipulaci\u00f3n de las presentes Condiciones Generales de Uso resultara inexigible o nula en virtud de la legislaci\u00f3n aplicable o como consecuencia de una resoluci\u00f3n judicial o administrativa, dicha inexigibilidad o nulidad no har\u00e1 que las presentes Condiciones Generales de Uso resulten inexigibles o nulas en su conjunto. En dichos casos, procederemos a la modificaci\u00f3n o sustituci\u00f3n de dicha estipulaci\u00f3n por otra que sea v\u00e1lida y exigible y que, en la medida de lo posible, consiga el objetivo y pretensi\u00f3n reflejados en la estipulaci\u00f3n original.<\/p>\t\t\t\t\t\t<\/div>\n\t\t\t\t<\/div>\n\t\t\t\t\t<\/div>\n\t\t<\/div>\n\t\t\t\t\t\t\t<\/div>\n\t\t<\/section>\n\t\t\t\t\t\t\t<\/div>\n\t\t","protected":false},"excerpt":{"rendered":"<p>Aviso legal Te informamos que el acceso y uso del sitio web est\u00e1 sujeto a las presentes Condiciones de Uso, por lo que te recomendamos su lectura. Como usuario te comprometes a utilizarlo de conformidad con lo aqu\u00ed establecido, as\u00ed como a la normativa legal vigente en el momento de su utilizaci\u00f3n. Datos de identificaci\u00f3n: &hellip;<\/p>\n<p class=\"read-more\"> <a class=\"\" href=\"https:\/\/qmaconsultores.com\/taberna-maria\/aviso-legal\/\"> <span class=\"screen-reader-text\">Aviso legal<\/span> Leer m\u00e1s &raquo;<\/a><\/p>\n","protected":false},"author":1,"featured_media":0,"parent":0,"menu_order":0,"comment_status":"closed","ping_status":"closed","template":"","meta":{"site-sidebar-layout":"no-sidebar","site-content-layout":"page-builder","ast-site-content-layout":"","site-content-style":"default","site-sidebar-style":"default","ast-global-header-display":"","ast-banner-title-visibility":"","ast-main-header-display":"","ast-hfb-above-header-display":"","ast-hfb-below-header-display":"","ast-hfb-mobile-header-display":"","site-post-title":"disabled","ast-breadcrumbs-content":"","ast-featured-img":"disabled","footer-sml-layout":"","theme-transparent-header-meta":"","adv-header-id-meta":"","stick-header-meta":"","header-above-stick-meta":"","header-main-stick-meta":"","header-below-stick-meta":"","astra-migrate-meta-layouts":"","ast-page-background-enabled":"default","ast-page-background-meta":{"desktop":{"background-color":"","background-image":"","background-repeat":"repeat","background-position":"center center","background-size":"auto","background-attachment":"scroll","background-type":"","background-media":"","overlay-type":"","overlay-color":"","overlay-gradient":""},"tablet":{"background-color":"","background-image":"","background-repeat":"repeat","background-position":"center center","background-size":"auto","background-attachment":"scroll","background-type":"","background-media":"","overlay-type":"","overlay-color":"","overlay-gradient":""},"mobile":{"background-color":"","background-image":"","background-repeat":"repeat","background-position":"center center","background-size":"auto","background-attachment":"scroll","background-type":"","background-media":"","overlay-type":"","overlay-color":"","overlay-gradient":""}},"ast-content-background-meta":{"desktop":{"background-color":"var(--ast-global-color-5)","background-image":"","background-repeat":"repeat","background-position":"center center","background-size":"auto","background-attachment":"scroll","background-type":"","background-media":"","overlay-type":"","overlay-color":"","overlay-gradient":""},"tablet":{"background-color":"var(--ast-global-color-5)","background-image":"","background-repeat":"repeat","background-position":"center center","background-size":"auto","background-attachment":"scroll","background-type":"","background-media":"","overlay-type":"","overlay-color":"","overlay-gradient":""},"mobile":{"background-color":"var(--ast-global-color-5)","background-image":"","background-repeat":"repeat","background-position":"center center","background-size":"auto","background-attachment":"scroll","background-type":"","background-media":"","overlay-type":"","overlay-color":"","overlay-gradient":""}},"footnotes":""},"class_list":["post-885","page","type-page","status-publish","hentry"],"yoast_head":"<!-- This site is optimized with the Yoast SEO plugin v21.4 - https:\/\/yoast.com\/wordpress\/plugins\/seo\/ -->\n<title>Aviso legal - Taberna Maria<\/title>\n<meta name=\"robots\" content=\"noindex, follow, max-snippet:-1, max-image-preview:large, max-video-preview:-1\" \/>\n<meta property=\"og:locale\" content=\"es_ES\" \/>\n<meta property=\"og:type\" content=\"article\" \/>\n<meta property=\"og:title\" content=\"Aviso legal - Taberna Maria\" \/>\n<meta property=\"og:description\" content=\"Aviso legal Te informamos que el acceso y uso del sitio web est\u00e1 sujeto a las presentes Condiciones de Uso, por lo que te recomendamos su lectura. Como usuario te comprometes a utilizarlo de conformidad con lo aqu\u00ed establecido, as\u00ed como a la normativa legal vigente en el momento de su utilizaci\u00f3n. Datos de identificaci\u00f3n: &hellip; Aviso legal Leer m\u00e1s &raquo;\" \/>\n<meta property=\"og:url\" content=\"https:\/\/qmaconsultores.com\/taberna-maria\/aviso-legal\/\" \/>\n<meta property=\"og:site_name\" content=\"Taberna Maria\" \/>\n<meta property=\"article:modified_time\" content=\"2022-12-22T10:01:13+00:00\" \/>\n<meta name=\"twitter:card\" content=\"summary_large_image\" \/>\n<meta name=\"twitter:label1\" content=\"Tiempo de lectura\" \/>\n\t<meta name=\"twitter:data1\" content=\"6 minutos\" \/>\n<script type=\"application\/ld+json\" class=\"yoast-schema-graph\">{\"@context\":\"https:\/\/schema.org\",\"@graph\":[{\"@type\":\"WebPage\",\"@id\":\"https:\/\/qmaconsultores.com\/taberna-maria\/aviso-legal\/\",\"url\":\"https:\/\/qmaconsultores.com\/taberna-maria\/aviso-legal\/\",\"name\":\"Aviso legal - Taberna Maria\",\"isPartOf\":{\"@id\":\"https:\/\/qmaconsultores.com\/taberna-maria\/#website\"},\"datePublished\":\"2022-12-22T09:59:48+00:00\",\"dateModified\":\"2022-12-22T10:01:13+00:00\",\"breadcrumb\":{\"@id\":\"https:\/\/qmaconsultores.com\/taberna-maria\/aviso-legal\/#breadcrumb\"},\"inLanguage\":\"es\",\"potentialAction\":[{\"@type\":\"ReadAction\",\"target\":[\"https:\/\/qmaconsultores.com\/taberna-maria\/aviso-legal\/\"]}]},{\"@type\":\"BreadcrumbList\",\"@id\":\"https:\/\/qmaconsultores.com\/taberna-maria\/aviso-legal\/#breadcrumb\",\"itemListElement\":[{\"@type\":\"ListItem\",\"position\":1,\"name\":\"Portada\",\"item\":\"https:\/\/qmaconsultores.com\/taberna-maria\/\"},{\"@type\":\"ListItem\",\"position\":2,\"name\":\"Aviso legal\"}]},{\"@type\":\"WebSite\",\"@id\":\"https:\/\/qmaconsultores.com\/taberna-maria\/#website\",\"url\":\"https:\/\/qmaconsultores.com\/taberna-maria\/\",\"name\":\"Taberna Maria\",\"description\":\"Otro sitio realizado con WordPress\",\"publisher\":{\"@id\":\"https:\/\/qmaconsultores.com\/taberna-maria\/#organization\"},\"potentialAction\":[{\"@type\":\"SearchAction\",\"target\":{\"@type\":\"EntryPoint\",\"urlTemplate\":\"https:\/\/qmaconsultores.com\/taberna-maria\/?s={search_term_string}\"},\"query-input\":\"required name=search_term_string\"}],\"inLanguage\":\"es\"},{\"@type\":\"Organization\",\"@id\":\"https:\/\/qmaconsultores.com\/taberna-maria\/#organization\",\"name\":\"Taberna Maria\",\"url\":\"https:\/\/qmaconsultores.com\/taberna-maria\/\",\"logo\":{\"@type\":\"ImageObject\",\"inLanguage\":\"es\",\"@id\":\"https:\/\/qmaconsultores.com\/taberna-maria\/#\/schema\/logo\/image\/\",\"url\":\"https:\/\/qmaconsultores.com\/taberna-maria\/wp-content\/uploads\/2022\/09\/logo01.png\",\"contentUrl\":\"https:\/\/qmaconsultores.com\/taberna-maria\/wp-content\/uploads\/2022\/09\/logo01.png\",\"width\":1464,\"height\":1434,\"caption\":\"Taberna Maria\"},\"image\":{\"@id\":\"https:\/\/qmaconsultores.com\/taberna-maria\/#\/schema\/logo\/image\/\"}}]}<\/script>\n<!-- \/ Yoast SEO plugin. -->","yoast_head_json":{"title":"Aviso legal - Taberna Maria","robots":{"index":"noindex","follow":"follow","max-snippet":"max-snippet:-1","max-image-preview":"max-image-preview:large","max-video-preview":"max-video-preview:-1"},"og_locale":"es_ES","og_type":"article","og_title":"Aviso legal - Taberna Maria","og_description":"Aviso legal Te informamos que el acceso y uso del sitio web est\u00e1 sujeto a las presentes Condiciones de Uso, por lo que te recomendamos su lectura. Como usuario te comprometes a utilizarlo de conformidad con lo aqu\u00ed establecido, as\u00ed como a la normativa legal vigente en el momento de su utilizaci\u00f3n. Datos de identificaci\u00f3n: &hellip; Aviso legal Leer m\u00e1s &raquo;","og_url":"https:\/\/qmaconsultores.com\/taberna-maria\/aviso-legal\/","og_site_name":"Taberna Maria","article_modified_time":"2022-12-22T10:01:13+00:00","twitter_card":"summary_large_image","twitter_misc":{"Tiempo de lectura":"6 minutos"},"schema":{"@context":"https:\/\/schema.org","@graph":[{"@type":"WebPage","@id":"https:\/\/qmaconsultores.com\/taberna-maria\/aviso-legal\/","url":"https:\/\/qmaconsultores.com\/taberna-maria\/aviso-legal\/","name":"Aviso legal - Taberna Maria","isPartOf":{"@id":"https:\/\/qmaconsultores.com\/taberna-maria\/#website"},"datePublished":"2022-12-22T09:59:48+00:00","dateModified":"2022-12-22T10:01:13+00:00","breadcrumb":{"@id":"https:\/\/qmaconsultores.com\/taberna-maria\/aviso-legal\/#breadcrumb"},"inLanguage":"es","potentialAction":[{"@type":"ReadAction","target":["https:\/\/qmaconsultores.com\/taberna-maria\/aviso-legal\/"]}]},{"@type":"BreadcrumbList","@id":"https:\/\/qmaconsultores.com\/taberna-maria\/aviso-legal\/#breadcrumb","itemListElement":[{"@type":"ListItem","position":1,"name":"Portada","item":"https:\/\/qmaconsultores.com\/taberna-maria\/"},{"@type":"ListItem","position":2,"name":"Aviso legal"}]},{"@type":"WebSite","@id":"https:\/\/qmaconsultores.com\/taberna-maria\/#website","url":"https:\/\/qmaconsultores.com\/taberna-maria\/","name":"Taberna Maria","description":"Otro sitio realizado con WordPress","publisher":{"@id":"https:\/\/qmaconsultores.com\/taberna-maria\/#organization"},"potentialAction":[{"@type":"SearchAction","target":{"@type":"EntryPoint","urlTemplate":"https:\/\/qmaconsultores.com\/taberna-maria\/?s={search_term_string}"},"query-input":"required name=search_term_string"}],"inLanguage":"es"},{"@type":"Organization","@id":"https:\/\/qmaconsultores.com\/taberna-maria\/#organization","name":"Taberna Maria","url":"https:\/\/qmaconsultores.com\/taberna-maria\/","logo":{"@type":"ImageObject","inLanguage":"es","@id":"https:\/\/qmaconsultores.com\/taberna-maria\/#\/schema\/logo\/image\/","url":"https:\/\/qmaconsultores.com\/taberna-maria\/wp-content\/uploads\/2022\/09\/logo01.png","contentUrl":"https:\/\/qmaconsultores.com\/taberna-maria\/wp-content\/uploads\/2022\/09\/logo01.png","width":1464,"height":1434,"caption":"Taberna Maria"},"image":{"@id":"https:\/\/qmaconsultores.com\/taberna-maria\/#\/schema\/logo\/image\/"}}]}},"_links":{"self":[{"href":"https:\/\/qmaconsultores.com\/taberna-maria\/wp-json\/wp\/v2\/pages\/885","targetHints":{"allow":["GET"]}}],"collection":[{"href":"https:\/\/qmaconsultores.com\/taberna-maria\/wp-json\/wp\/v2\/pages"}],"about":[{"href":"https:\/\/qmaconsultores.com\/taberna-maria\/wp-json\/wp\/v2\/types\/page"}],"author":[{"embeddable":true,"href":"https:\/\/qmaconsultores.com\/taberna-maria\/wp-json\/wp\/v2\/users\/1"}],"replies":[{"embeddable":true,"href":"https:\/\/qmaconsultores.com\/taberna-maria\/wp-json\/wp\/v2\/comments?post=885"}],"version-history":[{"count":8,"href":"https:\/\/qmaconsultores.com\/taberna-maria\/wp-json\/wp\/v2\/pages\/885\/revisions"}],"predecessor-version":[{"id":893,"href":"https:\/\/qmaconsultores.com\/taberna-maria\/wp-json\/wp\/v2\/pages\/885\/revisions\/893"}],"wp:attachment":[{"href":"https:\/\/qmaconsultores.com\/taberna-maria\/wp-json\/wp\/v2\/media?parent=885"}],"curies":[{"name":"wp","href":"https:\/\/api.w.org\/{rel}","templated":true}]}}