{"id":895,"date":"2022-12-22T10:21:24","date_gmt":"2022-12-22T10:21:24","guid":{"rendered":"https:\/\/qmaconsultores.com\/taberna-maria\/?page_id=895"},"modified":"2022-12-22T10:28:16","modified_gmt":"2022-12-22T10:28:16","slug":"politica-de-privacidad","status":"publish","type":"page","link":"https:\/\/qmaconsultores.com\/taberna-maria\/politica-de-privacidad\/","title":{"rendered":"Pol\u00edtica de privacidad"},"content":{"rendered":"\t\t<div data-elementor-type=\"wp-page\" data-elementor-id=\"895\" class=\"elementor elementor-895\">\n\t\t\t\t\t\t\t\t\t<section class=\"elementor-section elementor-top-section elementor-element elementor-element-2505423 elementor-section-boxed elementor-section-height-default elementor-section-height-default\" data-id=\"2505423\" data-element_type=\"section\">\n\t\t\t\t\t\t<div class=\"elementor-container elementor-column-gap-default\">\n\t\t\t\t\t<div class=\"elementor-column elementor-col-100 elementor-top-column elementor-element elementor-element-9921024\" data-id=\"9921024\" data-element_type=\"column\">\n\t\t\t<div class=\"elementor-widget-wrap elementor-element-populated\">\n\t\t\t\t\t\t\t\t<div class=\"elementor-element elementor-element-28091a3 elementor-widget elementor-widget-heading\" data-id=\"28091a3\" data-element_type=\"widget\" data-widget_type=\"heading.default\">\n\t\t\t\t<div class=\"elementor-widget-container\">\n\t\t\t<style>\/*! elementor - v3.16.0 - 17-10-2023 *\/\n.elementor-heading-title{padding:0;margin:0;line-height:1}.elementor-widget-heading .elementor-heading-title[class*=elementor-size-]>a{color:inherit;font-size:inherit;line-height:inherit}.elementor-widget-heading .elementor-heading-title.elementor-size-small{font-size:15px}.elementor-widget-heading .elementor-heading-title.elementor-size-medium{font-size:19px}.elementor-widget-heading .elementor-heading-title.elementor-size-large{font-size:29px}.elementor-widget-heading .elementor-heading-title.elementor-size-xl{font-size:39px}.elementor-widget-heading .elementor-heading-title.elementor-size-xxl{font-size:59px}<\/style><h2 class=\"elementor-heading-title elementor-size-default\">Pol\u00edtica de privacidad<\/h2>\t\t<\/div>\n\t\t\t\t<\/div>\n\t\t\t\t\t<\/div>\n\t\t<\/div>\n\t\t\t\t\t\t\t<\/div>\n\t\t<\/section>\n\t\t\t\t<section class=\"elementor-section elementor-top-section elementor-element elementor-element-be0a80e elementor-section-boxed elementor-section-height-default elementor-section-height-default\" data-id=\"be0a80e\" data-element_type=\"section\">\n\t\t\t\t\t\t<div class=\"elementor-container elementor-column-gap-default\">\n\t\t\t\t\t<div class=\"elementor-column elementor-col-100 elementor-top-column elementor-element elementor-element-db34606\" data-id=\"db34606\" data-element_type=\"column\">\n\t\t\t<div class=\"elementor-widget-wrap elementor-element-populated\">\n\t\t\t\t\t\t\t\t<div class=\"elementor-element elementor-element-abd4c24 elementor-widget elementor-widget-text-editor\" data-id=\"abd4c24\" data-element_type=\"widget\" data-widget_type=\"text-editor.default\">\n\t\t\t\t<div class=\"elementor-widget-container\">\n\t\t\t<style>\/*! elementor - v3.16.0 - 17-10-2023 *\/\n.elementor-widget-text-editor.elementor-drop-cap-view-stacked .elementor-drop-cap{background-color:#69727d;color:#fff}.elementor-widget-text-editor.elementor-drop-cap-view-framed .elementor-drop-cap{color:#69727d;border:3px solid;background-color:transparent}.elementor-widget-text-editor:not(.elementor-drop-cap-view-default) .elementor-drop-cap{margin-top:8px}.elementor-widget-text-editor:not(.elementor-drop-cap-view-default) .elementor-drop-cap-letter{width:1em;height:1em}.elementor-widget-text-editor .elementor-drop-cap{float:left;text-align:center;line-height:1;font-size:50px}.elementor-widget-text-editor .elementor-drop-cap-letter{display:inline-block}<\/style>\t\t\t\t<p><strong><u>RESPONSABLE\u00a0<\/u><\/strong><strong><em>\u00ab\u00bfQui\u00e9n es el responsable del tratamiento de sus datos?\u00bb<\/em><\/strong><\/p><p>Responsable del Tratamiento: SILMA DA SILVEIRA BARBOSA CIF: 29567339B<br \/>Nombre y Apellidos del Representante Legal:\u00a0<br \/>Direcci\u00f3n postal: Grupo parqueflores Fase1 s\/n Esc. 11Planta 06 Pta. B CP 41015 SEVILLA\u00a0<br \/>Tel\u00e9fono: +34 633 56 20 54<br \/>Correo Electr\u00f3nico: joaquin@mcgallegosl.es\u00a0<\/p><p><strong><u>FINALIDAD<\/u><\/strong><strong><em>\u00ab\u00bfCon qu\u00e9 finalidad tratamos sus datos personales?\u00bb<\/em><\/strong><\/p><p>Los datos personales del cliente\/interesado ser\u00e1n tratados con las siguientes finalidades, seg\u00fan aplique:<\/p><ul><li>Gesti\u00f3n de reservas solicitadas por el cliente\/interesado, entre los que se encuentran las comunicaciones con el cliente para la confirmaci\u00f3n de las mismas.<\/li><li>Gesti\u00f3n administrativa derivada de la prestaci\u00f3n\u00a0 de nuestros servicios de restauraci\u00f3n, entre los que se encuentran la emisi\u00f3n de recibos o facturas resultantes de los servicios prestados y los cobros a trav\u00e9s de tarjetas bancarias.<\/li><\/ul><p>\u00abLa consignaci\u00f3n de los datos solicitados tienen car\u00e1cter obligatorio, pues la informaci\u00f3n solicitada es imprescindible para las finalidades descritas anteriormente. En el caso de mostrar negativa, las consecuencias de no aportar los datos ser\u00e1n no poder prestar el servicio solicitado por el cliente\/interesado.<\/p><ul><li>Responder al ejercicio de derechos, consultas y reclamaciones.<\/li><\/ul><p><strong><em>\u00a0<\/em><\/strong><strong><em>\u00ab\u00bfPor cu\u00e1nto tiempo se conservar\u00e1n sus datos?\u00bb<\/em><\/strong><\/p><p>Sus datos personales ser\u00e1n conservados mientras se mantenga alg\u00fan tipo de relaci\u00f3n contractual o de negocio entre usted y SILMA DA SILVEIRA BARBOSA\u00a0 \u00abTABERNA MAR\u00cdA\u00bb\u00a0 y no solicite su supresi\u00f3n. Cuando no sean necesarios, se mantendr\u00e1n por el per\u00edodo de prescripci\u00f3n de las acciones nacidas del tratamiento, a partir de la \u00faltima confirmaci\u00f3n de inter\u00e9s o \u00faltima transacci\u00f3n\/comunicaci\u00f3n (6 a\u00f1os, a efectos mercantiles, art\u00edculo 30 del C\u00f3digo de Comercio: documentos bancarios, albaranes, facturas emitidas; 5 a\u00f1os libros de reservas; 1 a\u00f1o, datos de tr\u00e1fico relativos a conexiones a lnternet). Transcurridos dichos plazos, los datos personales se suprimir\u00e1n con medidas de seguridad adecuadas para garantizar la destrucci\u00f3n total de los mismos.<\/p><p><strong><u>LEGITIMACI\u00d3N<\/u><\/strong><strong><em>\u00ab \u00bfCu\u00e1l es la legitimaci\u00f3n para el tratamiento de sus datos?\u00bb<\/em><\/strong><\/p><p>La base legal para el tratamiento de sus datos es:<\/p><p><strong>-Cumplimiento de una obligaci\u00f3n legal:<\/strong>\u00a0la gesti\u00f3n de cobros y la emisi\u00f3n de facturas, se basan en una obligaci\u00f3n legal.<\/p><p><strong>-Consentimiento del interesado:<\/strong><\/p><p>En relaci\u00f3n con las siguientes finalidades, la base legal del tratamiento de los datos personales del cliente\/interesado ser\u00e1 por consentimiento.<\/p><ul><li>La gesti\u00f3n, administraci\u00f3n y prestaci\u00f3n de los servicios prestados, est\u00e1n basadas en el consentimiento del cliente\/interesado. En este consentimiento de tratamiento de datos, tambi\u00e9n se incluyen todas las comunicaciones necesarias entre el cliente\/interesado y TABERNA SAN CRISTOBAL<\/li><li>Gesti\u00f3n de cobros a trav\u00e9s de Dispositivos TPV<\/li><li>Gesti\u00f3n de reservas en restaurante<\/li><li>Respuesta al ejercicio de derechos, consultas y reclamaciones por parte del interesado.<\/li><\/ul><p><strong><u>DESTINATARIOS<\/u><\/strong><strong><em>\u00ab\u00bfA qu\u00e9 destinatarios se comunicar\u00e1n sus datos?\u00bb<\/em><\/strong><\/p><p>Los datos personales del cliente\/interesado\u00a0 podr\u00e1n ser comunicados de forma leg\u00edtima y cuando sea necesario a los siguientes destinatarios, seg\u00fan aplique:<\/p><p>Administraciones p\u00fablicas y organismos p\u00fablicos cuando as\u00ed lo exija alguna norma (hacienda, etc), Bancos para gesti\u00f3n de cobros, Empresas encargadas del tratamiento de datos, que prestan servicios a SILMA DA SILVEIRA BARBOSA \u00abTABERNA MAR\u00cdA\u00bb (asesor\u00eda, Prestadores de Servicios IT, etc)<\/p><p>No existen Transferencias Internacionales de Datos<\/p><p><strong><u>DERECHOS<\/u><\/strong><strong><em>\u00ab \u00bfCu\u00e1les son sus derechos al facilitarnos sus datos?\u00bb<\/em><\/strong><\/p><p>Cualquier persona tiene derecho a obtener confirmaci\u00f3n sobre si en \u00a0SILMA DA SILVEIRA BARBOSA \u00abTABERNA MAR\u00cdA\u00bb estamos tratando datos personales que les conciernen, o no.<\/p><p><strong>Derecho de acceso, rectificaci\u00f3n y supresi\u00f3n<\/strong>: las personas interesadas tienen derecho a acceder a sus datos personales, as\u00ed como a solicitar la rectificaci\u00f3n de los datos inexactos o, en su caso, solicitar su supresi\u00f3n cuando, entre otros motivos, los datos ya no sean necesarios para los fines que fueron recogidos.<\/p><p><strong>Derecho de limitaci\u00f3n:<\/strong>\u00a0en determinadas circunstancias, los interesados podr\u00e1n solicitar la limitaci\u00f3n del tratamiento de sus datos, en cuyo caso \u00fanicamente los conservaremos para el ejercicio o la defensa de reclamaciones.<\/p><p><strong>Derecho de Oposici\u00f3n:<\/strong>\u00a0en determinadas circunstancias y por motivos relacionados con su situaci\u00f3n particular, los interesados podr\u00e1n oponerse al tratamiento de sus datos. Por tanto, SILMA DA SILVEIRA BARBOSA \u00abTABERNA MAR\u00cdA\u00bb dejar\u00e1 de tratar los datos, salvo por motivos leg\u00edtimos imperiosos, o el ejercicio o la defensa de posibles reclamaciones.<\/p><p>Cuando el tratamiento de datos personales tenga por objeto la mercadotecnia directa, el interesado tendr\u00e1 derecho a oponerse al tratamiento de sus datos, incluida la elaboraci\u00f3n de perfiles relacionados con la citada mercadotecnia.<\/p><p><strong>Derecho a la portabilidad de los datos:<\/strong>\u00a0el interesado podr\u00e1 solicitar la portabilidad de sus datos a otro responsable del tratamiento, en cuyo caso se har\u00e1 siempre y cuando el tratamiento est\u00e9 basado en el consentimiento l\u00edcito, el tratamiento sea automatizado y se transmitir\u00e1n de responsable a responsable cuando sea t\u00e9cnicamente posible.<\/p><p><strong>Derecho a retirar el consentimiento<\/strong>, sin que ello afecte a la licitud del tratamiento basado en el consentimiento previo a su retirada.<\/p><p><strong>Derecho a presentar una reclamaci\u00f3n<\/strong>\u00a0ante la AGENCIA ESPA\u00d1OLA DE PROTECCI\u00d3N DE DATOS, cuando no haya obtenido \u00a0satisfacci\u00f3n en el ejercicio de sus derechos u otros asuntos. Para contactar con dicha Autoridad de Control puede hacerlo a trav\u00e9s de su p\u00e1gina web www.aepd.es<\/p><p>Para ejercer dichos derechos, el interesado tendr\u00e1 a su disposici\u00f3n una serie de modelos o formularios ubicados en www.aepd.es\/reglamento\/derechos y deber\u00e1 de dirigirlos a JSILMA DA SILVEIRA BARBOSA \u00abTABERNA MAR\u00cdA\u00bb\u00a0<strong>Joaquin@mcgallegosl.es<\/strong>\u00a0o a la direcci\u00f3n que aparece en los datos de contacto del RESPONSABLE.<\/p><p>Opcionalmente, el interesado puede dirigirse tambi\u00e9n a la AGENCIA ESPA\u00d1OLA DE PROTECCION DE DATOS (www.aepd.es) para solicitar informaci\u00f3n sobre dichos derechos.<\/p><p>Para tramitar la solicitud de ejercicio de derechos deber\u00e1 de acreditar su identidad mediante fotocopia de su DNI.<\/p><p><strong><u>OTRA INFORMACI\u00d3N<\/u><\/strong><\/p><p>SILMA DA SILVEIRA BARBOSA \u00abTABERNA MAR\u00cdA\u00bb reconoce quedar obligado a guardar secreto profesional de toda la informaci\u00f3n que afecta a los datos y almacenarlos con la debida confidencialidad y utilizar los mismos a los \u00fanicos y concretos fines para los que le fue facilitado. Asimismo, adoptar\u00e1 las medidas t\u00e9cnicas y organizativas apropiadas contra el acceso no autorizado o el procesamiento ilegal de datos personales y contra la p\u00e9rdida o destrucci\u00f3n accidental de los datos personales. La informaci\u00f3n es confidencial, privilegiada y tratada s\u00f3lo por las personas que, como usuarios autorizados tienen acceso a los datos personales; quedando totalmente prohibida cualquier divulgaci\u00f3n, distribuci\u00f3n o reproducci\u00f3n de la informaci\u00f3n tratada.<\/p><p>\u00a0<\/p>\t\t\t\t\t\t<\/div>\n\t\t\t\t<\/div>\n\t\t\t\t\t<\/div>\n\t\t<\/div>\n\t\t\t\t\t\t\t<\/div>\n\t\t<\/section>\n\t\t\t\t\t\t\t<\/div>\n\t\t","protected":false},"excerpt":{"rendered":"<p>Pol\u00edtica de privacidad RESPONSABLE\u00a0\u00ab\u00bfQui\u00e9n es el responsable del tratamiento de sus datos?\u00bb Responsable del Tratamiento: SILMA DA SILVEIRA BARBOSA CIF: 29567339BNombre y Apellidos del Representante Legal:\u00a0Direcci\u00f3n postal: Grupo parqueflores Fase1 s\/n Esc. 11Planta 06 Pta. B CP 41015 SEVILLA\u00a0Tel\u00e9fono: +34 633 56 20 54Correo Electr\u00f3nico: joaquin@mcgallegosl.es\u00a0 FINALIDAD\u00ab\u00bfCon qu\u00e9 finalidad tratamos sus datos personales?\u00bb Los datos &hellip;<\/p>\n<p class=\"read-more\"> <a class=\"\" href=\"https:\/\/qmaconsultores.com\/taberna-maria\/politica-de-privacidad\/\"> <span class=\"screen-reader-text\">Pol\u00edtica de privacidad<\/span> Leer m\u00e1s &raquo;<\/a><\/p>\n","protected":false},"author":1,"featured_media":0,"parent":0,"menu_order":0,"comment_status":"closed","ping_status":"closed","template":"","meta":{"site-sidebar-layout":"no-sidebar","site-content-layout":"page-builder","ast-site-content-layout":"","site-content-style":"default","site-sidebar-style":"default","ast-global-header-display":"","ast-banner-title-visibility":"","ast-main-header-display":"","ast-hfb-above-header-display":"","ast-hfb-below-header-display":"","ast-hfb-mobile-header-display":"","site-post-title":"disabled","ast-breadcrumbs-content":"","ast-featured-img":"disabled","footer-sml-layout":"","theme-transparent-header-meta":"","adv-header-id-meta":"","stick-header-meta":"","header-above-stick-meta":"","header-main-stick-meta":"","header-below-stick-meta":"","astra-migrate-meta-layouts":"","ast-page-background-enabled":"default","ast-page-background-meta":{"desktop":{"background-color":"","background-image":"","background-repeat":"repeat","background-position":"center center","background-size":"auto","background-attachment":"scroll","background-type":"","background-media":"","overlay-type":"","overlay-color":"","overlay-gradient":""},"tablet":{"background-color":"","background-image":"","background-repeat":"repeat","background-position":"center center","background-size":"auto","background-attachment":"scroll","background-type":"","background-media":"","overlay-type":"","overlay-color":"","overlay-gradient":""},"mobile":{"background-color":"","background-image":"","background-repeat":"repeat","background-position":"center center","background-size":"auto","background-attachment":"scroll","background-type":"","background-media":"","overlay-type":"","overlay-color":"","overlay-gradient":""}},"ast-content-background-meta":{"desktop":{"background-color":"var(--ast-global-color-5)","background-image":"","background-repeat":"repeat","background-position":"center center","background-size":"auto","background-attachment":"scroll","background-type":"","background-media":"","overlay-type":"","overlay-color":"","overlay-gradient":""},"tablet":{"background-color":"var(--ast-global-color-5)","background-image":"","background-repeat":"repeat","background-position":"center center","background-size":"auto","background-attachment":"scroll","background-type":"","background-media":"","overlay-type":"","overlay-color":"","overlay-gradient":""},"mobile":{"background-color":"var(--ast-global-color-5)","background-image":"","background-repeat":"repeat","background-position":"center center","background-size":"auto","background-attachment":"scroll","background-type":"","background-media":"","overlay-type":"","overlay-color":"","overlay-gradient":""}},"footnotes":""},"class_list":["post-895","page","type-page","status-publish","hentry"],"yoast_head":"<!-- This site is optimized with the Yoast SEO plugin v21.4 - https:\/\/yoast.com\/wordpress\/plugins\/seo\/ -->\n<title>Pol\u00edtica de privacidad - Taberna Maria<\/title>\n<meta name=\"robots\" content=\"noindex, follow, max-snippet:-1, max-image-preview:large, max-video-preview:-1\" \/>\n<meta property=\"og:locale\" content=\"es_ES\" \/>\n<meta property=\"og:type\" content=\"article\" \/>\n<meta property=\"og:title\" content=\"Pol\u00edtica de privacidad - Taberna Maria\" \/>\n<meta property=\"og:description\" content=\"Pol\u00edtica de privacidad RESPONSABLE\u00a0\u00ab\u00bfQui\u00e9n es el responsable del tratamiento de sus datos?\u00bb Responsable del Tratamiento: SILMA DA SILVEIRA BARBOSA CIF: 29567339BNombre y Apellidos del Representante Legal:\u00a0Direcci\u00f3n postal: Grupo parqueflores Fase1 s\/n Esc. 11Planta 06 Pta. B CP 41015 SEVILLA\u00a0Tel\u00e9fono: +34 633 56 20 54Correo Electr\u00f3nico: joaquin@mcgallegosl.es\u00a0 FINALIDAD\u00ab\u00bfCon qu\u00e9 finalidad tratamos sus datos personales?\u00bb Los datos &hellip; Pol\u00edtica de privacidad Leer m\u00e1s &raquo;\" \/>\n<meta property=\"og:url\" content=\"https:\/\/qmaconsultores.com\/taberna-maria\/politica-de-privacidad\/\" \/>\n<meta property=\"og:site_name\" content=\"Taberna Maria\" \/>\n<meta property=\"article:modified_time\" content=\"2022-12-22T10:28:16+00:00\" \/>\n<meta name=\"twitter:card\" content=\"summary_large_image\" \/>\n<meta name=\"twitter:label1\" content=\"Tiempo de lectura\" \/>\n\t<meta name=\"twitter:data1\" content=\"5 minutos\" \/>\n<script type=\"application\/ld+json\" class=\"yoast-schema-graph\">{\"@context\":\"https:\/\/schema.org\",\"@graph\":[{\"@type\":\"WebPage\",\"@id\":\"https:\/\/qmaconsultores.com\/taberna-maria\/politica-de-privacidad\/\",\"url\":\"https:\/\/qmaconsultores.com\/taberna-maria\/politica-de-privacidad\/\",\"name\":\"Pol\u00edtica de privacidad - Taberna Maria\",\"isPartOf\":{\"@id\":\"https:\/\/qmaconsultores.com\/taberna-maria\/#website\"},\"datePublished\":\"2022-12-22T10:21:24+00:00\",\"dateModified\":\"2022-12-22T10:28:16+00:00\",\"breadcrumb\":{\"@id\":\"https:\/\/qmaconsultores.com\/taberna-maria\/politica-de-privacidad\/#breadcrumb\"},\"inLanguage\":\"es\",\"potentialAction\":[{\"@type\":\"ReadAction\",\"target\":[\"https:\/\/qmaconsultores.com\/taberna-maria\/politica-de-privacidad\/\"]}]},{\"@type\":\"BreadcrumbList\",\"@id\":\"https:\/\/qmaconsultores.com\/taberna-maria\/politica-de-privacidad\/#breadcrumb\",\"itemListElement\":[{\"@type\":\"ListItem\",\"position\":1,\"name\":\"Portada\",\"item\":\"https:\/\/qmaconsultores.com\/taberna-maria\/\"},{\"@type\":\"ListItem\",\"position\":2,\"name\":\"Pol\u00edtica de privacidad\"}]},{\"@type\":\"WebSite\",\"@id\":\"https:\/\/qmaconsultores.com\/taberna-maria\/#website\",\"url\":\"https:\/\/qmaconsultores.com\/taberna-maria\/\",\"name\":\"Taberna Maria\",\"description\":\"Otro sitio realizado con WordPress\",\"publisher\":{\"@id\":\"https:\/\/qmaconsultores.com\/taberna-maria\/#organization\"},\"potentialAction\":[{\"@type\":\"SearchAction\",\"target\":{\"@type\":\"EntryPoint\",\"urlTemplate\":\"https:\/\/qmaconsultores.com\/taberna-maria\/?s={search_term_string}\"},\"query-input\":\"required name=search_term_string\"}],\"inLanguage\":\"es\"},{\"@type\":\"Organization\",\"@id\":\"https:\/\/qmaconsultores.com\/taberna-maria\/#organization\",\"name\":\"Taberna Maria\",\"url\":\"https:\/\/qmaconsultores.com\/taberna-maria\/\",\"logo\":{\"@type\":\"ImageObject\",\"inLanguage\":\"es\",\"@id\":\"https:\/\/qmaconsultores.com\/taberna-maria\/#\/schema\/logo\/image\/\",\"url\":\"https:\/\/qmaconsultores.com\/taberna-maria\/wp-content\/uploads\/2022\/09\/logo01.png\",\"contentUrl\":\"https:\/\/qmaconsultores.com\/taberna-maria\/wp-content\/uploads\/2022\/09\/logo01.png\",\"width\":1464,\"height\":1434,\"caption\":\"Taberna Maria\"},\"image\":{\"@id\":\"https:\/\/qmaconsultores.com\/taberna-maria\/#\/schema\/logo\/image\/\"}}]}<\/script>\n<!-- \/ Yoast SEO plugin. -->","yoast_head_json":{"title":"Pol\u00edtica de privacidad - Taberna Maria","robots":{"index":"noindex","follow":"follow","max-snippet":"max-snippet:-1","max-image-preview":"max-image-preview:large","max-video-preview":"max-video-preview:-1"},"og_locale":"es_ES","og_type":"article","og_title":"Pol\u00edtica de privacidad - Taberna Maria","og_description":"Pol\u00edtica de privacidad RESPONSABLE\u00a0\u00ab\u00bfQui\u00e9n es el responsable del tratamiento de sus datos?\u00bb Responsable del Tratamiento: SILMA DA SILVEIRA BARBOSA CIF: 29567339BNombre y Apellidos del Representante Legal:\u00a0Direcci\u00f3n postal: Grupo parqueflores Fase1 s\/n Esc. 11Planta 06 Pta. B CP 41015 SEVILLA\u00a0Tel\u00e9fono: +34 633 56 20 54Correo Electr\u00f3nico: joaquin@mcgallegosl.es\u00a0 FINALIDAD\u00ab\u00bfCon qu\u00e9 finalidad tratamos sus datos personales?\u00bb Los datos &hellip; Pol\u00edtica de privacidad Leer m\u00e1s &raquo;","og_url":"https:\/\/qmaconsultores.com\/taberna-maria\/politica-de-privacidad\/","og_site_name":"Taberna Maria","article_modified_time":"2022-12-22T10:28:16+00:00","twitter_card":"summary_large_image","twitter_misc":{"Tiempo de lectura":"5 minutos"},"schema":{"@context":"https:\/\/schema.org","@graph":[{"@type":"WebPage","@id":"https:\/\/qmaconsultores.com\/taberna-maria\/politica-de-privacidad\/","url":"https:\/\/qmaconsultores.com\/taberna-maria\/politica-de-privacidad\/","name":"Pol\u00edtica de privacidad - Taberna Maria","isPartOf":{"@id":"https:\/\/qmaconsultores.com\/taberna-maria\/#website"},"datePublished":"2022-12-22T10:21:24+00:00","dateModified":"2022-12-22T10:28:16+00:00","breadcrumb":{"@id":"https:\/\/qmaconsultores.com\/taberna-maria\/politica-de-privacidad\/#breadcrumb"},"inLanguage":"es","potentialAction":[{"@type":"ReadAction","target":["https:\/\/qmaconsultores.com\/taberna-maria\/politica-de-privacidad\/"]}]},{"@type":"BreadcrumbList","@id":"https:\/\/qmaconsultores.com\/taberna-maria\/politica-de-privacidad\/#breadcrumb","itemListElement":[{"@type":"ListItem","position":1,"name":"Portada","item":"https:\/\/qmaconsultores.com\/taberna-maria\/"},{"@type":"ListItem","position":2,"name":"Pol\u00edtica de privacidad"}]},{"@type":"WebSite","@id":"https:\/\/qmaconsultores.com\/taberna-maria\/#website","url":"https:\/\/qmaconsultores.com\/taberna-maria\/","name":"Taberna Maria","description":"Otro sitio realizado con WordPress","publisher":{"@id":"https:\/\/qmaconsultores.com\/taberna-maria\/#organization"},"potentialAction":[{"@type":"SearchAction","target":{"@type":"EntryPoint","urlTemplate":"https:\/\/qmaconsultores.com\/taberna-maria\/?s={search_term_string}"},"query-input":"required name=search_term_string"}],"inLanguage":"es"},{"@type":"Organization","@id":"https:\/\/qmaconsultores.com\/taberna-maria\/#organization","name":"Taberna Maria","url":"https:\/\/qmaconsultores.com\/taberna-maria\/","logo":{"@type":"ImageObject","inLanguage":"es","@id":"https:\/\/qmaconsultores.com\/taberna-maria\/#\/schema\/logo\/image\/","url":"https:\/\/qmaconsultores.com\/taberna-maria\/wp-content\/uploads\/2022\/09\/logo01.png","contentUrl":"https:\/\/qmaconsultores.com\/taberna-maria\/wp-content\/uploads\/2022\/09\/logo01.png","width":1464,"height":1434,"caption":"Taberna Maria"},"image":{"@id":"https:\/\/qmaconsultores.com\/taberna-maria\/#\/schema\/logo\/image\/"}}]}},"_links":{"self":[{"href":"https:\/\/qmaconsultores.com\/taberna-maria\/wp-json\/wp\/v2\/pages\/895","targetHints":{"allow":["GET"]}}],"collection":[{"href":"https:\/\/qmaconsultores.com\/taberna-maria\/wp-json\/wp\/v2\/pages"}],"about":[{"href":"https:\/\/qmaconsultores.com\/taberna-maria\/wp-json\/wp\/v2\/types\/page"}],"author":[{"embeddable":true,"href":"https:\/\/qmaconsultores.com\/taberna-maria\/wp-json\/wp\/v2\/users\/1"}],"replies":[{"embeddable":true,"href":"https:\/\/qmaconsultores.com\/taberna-maria\/wp-json\/wp\/v2\/comments?post=895"}],"version-history":[{"count":8,"href":"https:\/\/qmaconsultores.com\/taberna-maria\/wp-json\/wp\/v2\/pages\/895\/revisions"}],"predecessor-version":[{"id":903,"href":"https:\/\/qmaconsultores.com\/taberna-maria\/wp-json\/wp\/v2\/pages\/895\/revisions\/903"}],"wp:attachment":[{"href":"https:\/\/qmaconsultores.com\/taberna-maria\/wp-json\/wp\/v2\/media?parent=895"}],"curies":[{"name":"wp","href":"https:\/\/api.w.org\/{rel}","templated":true}]}}